{"id":53,"date":"2018-04-18T15:21:10","date_gmt":"2018-04-18T15:21:10","guid":{"rendered":"https:\/\/ds.cheyenne-portal.de\/?page_id=53"},"modified":"2021-06-06T20:56:46","modified_gmt":"2021-06-06T18:56:46","slug":"tourberichte","status":"publish","type":"page","link":"https:\/\/direstrats.com\/en\/tourberichte\/","title":{"rendered":"dIRE sTRATS Tourberichte"},"content":{"rendered":"<p>Zu jedem Konzert haben wir seit 2007 rechtsstehend einen Tourbericht mit Fotos ver\u00f6ffentlicht &#8211; wir w\u00fcnschen viel Spa\u00df beim st\u00f6bern.<br \/>\nNeue Tourberichte erscheinen f\u00fcr gew\u00f6hnlich einen Tag nach dem jeweiligen Konzert.<\/p>\n<p><figure id=\"attachment_3877\" aria-describedby=\"caption-attachment-3877\" style=\"width: 5315px\" class=\"wp-caption alignnone\"><img loading=\"lazy\" decoding=\"async\" class=\"wp-image-3877 size-full\" src=\"https:\/\/direstrats.com\/wp-content\/uploads\/2018\/07\/Startbild1.jpg\" alt=\"\" width=\"5315\" height=\"3543\" data-id=\"3877\" srcset=\"https:\/\/direstrats.com\/wp-content\/uploads\/2018\/07\/Startbild1.jpg 5315w, https:\/\/direstrats.com\/wp-content\/uploads\/2018\/07\/Startbild1-300x200.jpg 300w, https:\/\/direstrats.com\/wp-content\/uploads\/2018\/07\/Startbild1-768x512.jpg 768w, https:\/\/direstrats.com\/wp-content\/uploads\/2018\/07\/Startbild1-1024x683.jpg 1024w, https:\/\/direstrats.com\/wp-content\/uploads\/2018\/07\/Startbild1-600x400.jpg 600w\" sizes=\"auto, (max-width: 5315px) 100vw, 5315px\" \/><figcaption id=\"caption-attachment-3877\" class=\"wp-caption-text\">Schwedt, 06.08.2016: Open-Air-Konzert dIRE sTRATS (Odertalb\u00fchne)<\/figcaption><\/figure><\/p>","protected":false},"excerpt":{"rendered":"<p>Zu jedem Konzert haben wir seit 2007 rechtsstehend einen Tourbericht mit Fotos ver\u00f6ffentlicht &#8211; wir w\u00fcnschen viel Spa\u00df beim st\u00f6bern. Neue Tourberichte erscheinen f\u00fcr gew\u00f6hnlich einen Tag nach dem jeweiligen Konzert.<\/p>\n","protected":false},"author":7,"featured_media":0,"parent":0,"menu_order":0,"comment_status":"closed","ping_status":"closed","template":"","meta":{"ngg_post_thumbnail":0,"footnotes":""},"class_list":["post-53","page","type-page","status-publish","hentry"],"yoast_head":"<!-- This site is optimized with the Yoast SEO plugin v27.2 - https:\/\/yoast.com\/product\/yoast-seo-wordpress\/ -->\n<title>dIRE sTRATS Tourberichte - Direstrats<\/title>\n<meta name=\"robots\" content=\"index, follow, max-snippet:-1, max-image-preview:large, max-video-preview:-1\" \/>\n<link rel=\"canonical\" href=\"https:\/\/direstrats.com\/tourberichte\/\" \/>\n<meta property=\"og:locale\" content=\"en_US\" \/>\n<meta property=\"og:type\" content=\"article\" \/>\n<meta property=\"og:title\" content=\"dIRE sTRATS Tourberichte - Direstrats\" \/>\n<meta property=\"og:description\" content=\"Zu jedem Konzert haben wir seit 2007 rechtsstehend einen Tourbericht mit Fotos ver\u00f6ffentlicht &#8211; wir w\u00fcnschen viel Spa\u00df beim st\u00f6bern. Neue Tourberichte erscheinen f\u00fcr gew\u00f6hnlich einen Tag nach dem jeweiligen Konzert.\" \/>\n<meta property=\"og:url\" content=\"https:\/\/direstrats.com\/tourberichte\/\" \/>\n<meta property=\"og:site_name\" content=\"Direstrats\" \/>\n<meta property=\"article:publisher\" content=\"https:\/\/www.facebook.com\/share\/1JaH96mvPW\/?mibextid=wwXIfr\" \/>\n<meta property=\"article:modified_time\" content=\"2021-06-06T18:56:46+00:00\" \/>\n<meta property=\"og:image\" content=\"https:\/\/direstrats.com\/wp-content\/uploads\/2018\/06\/Kriebstein.jpg\" \/>\n<meta name=\"twitter:card\" content=\"summary_large_image\" \/>\n<meta name=\"twitter:label1\" content=\"Est. reading time\" \/>\n\t<meta name=\"twitter:data1\" content=\"1 minute\" \/>\n<script type=\"application\/ld+json\" class=\"yoast-schema-graph\">{\"@context\":\"https:\/\/schema.org\",\"@graph\":[{\"@type\":\"WebPage\",\"@id\":\"https:\/\/direstrats.com\/tourberichte\/\",\"url\":\"https:\/\/direstrats.com\/tourberichte\/\",\"name\":\"dIRE sTRATS Tourberichte - Direstrats\",\"isPartOf\":{\"@id\":\"https:\/\/direstrats.com\/#website\"},\"primaryImageOfPage\":{\"@id\":\"https:\/\/direstrats.com\/tourberichte\/#primaryimage\"},\"image\":{\"@id\":\"https:\/\/direstrats.com\/tourberichte\/#primaryimage\"},\"thumbnailUrl\":\"https:\/\/direstrats.com\/wp-content\/uploads\/2018\/06\/Kriebstein.jpg\",\"datePublished\":\"2018-04-18T15:21:10+00:00\",\"dateModified\":\"2021-06-06T18:56:46+00:00\",\"breadcrumb\":{\"@id\":\"https:\/\/direstrats.com\/tourberichte\/#breadcrumb\"},\"inLanguage\":\"en-US\",\"potentialAction\":[{\"@type\":\"ReadAction\",\"target\":[\"https:\/\/direstrats.com\/tourberichte\/\"]}]},{\"@type\":\"ImageObject\",\"inLanguage\":\"en-US\",\"@id\":\"https:\/\/direstrats.com\/tourberichte\/#primaryimage\",\"url\":\"https:\/\/direstrats.com\/wp-content\/uploads\/2018\/06\/Kriebstein.jpg\",\"contentUrl\":\"https:\/\/direstrats.com\/wp-content\/uploads\/2018\/06\/Kriebstein.jpg\"},{\"@type\":\"BreadcrumbList\",\"@id\":\"https:\/\/direstrats.com\/tourberichte\/#breadcrumb\",\"itemListElement\":[{\"@type\":\"ListItem\",\"position\":1,\"name\":\"Startseite\",\"item\":\"https:\/\/direstrats.com\/\"},{\"@type\":\"ListItem\",\"position\":2,\"name\":\"dIRE sTRATS Tourberichte\"}]},{\"@type\":\"WebSite\",\"@id\":\"https:\/\/direstrats.com\/#website\",\"url\":\"https:\/\/direstrats.com\/\",\"name\":\"Direstrats\",\"description\":\"\",\"publisher\":{\"@id\":\"https:\/\/direstrats.com\/#organization\"},\"potentialAction\":[{\"@type\":\"SearchAction\",\"target\":{\"@type\":\"EntryPoint\",\"urlTemplate\":\"https:\/\/direstrats.com\/?s={search_term_string}\"},\"query-input\":{\"@type\":\"PropertyValueSpecification\",\"valueRequired\":true,\"valueName\":\"search_term_string\"}}],\"inLanguage\":\"en-US\"},{\"@type\":\"Organization\",\"@id\":\"https:\/\/direstrats.com\/#organization\",\"name\":\"Direstrats\",\"url\":\"https:\/\/direstrats.com\/\",\"logo\":{\"@type\":\"ImageObject\",\"inLanguage\":\"en-US\",\"@id\":\"https:\/\/direstrats.com\/#\/schema\/logo\/image\/\",\"url\":\"https:\/\/direstrats.com\/wp-content\/uploads\/2025\/12\/dIREsTRATS_logo_star-1024x768.png\",\"contentUrl\":\"https:\/\/direstrats.com\/wp-content\/uploads\/2025\/12\/dIREsTRATS_logo_star-1024x768.png\",\"width\":1024,\"height\":768,\"caption\":\"Direstrats\"},\"image\":{\"@id\":\"https:\/\/direstrats.com\/#\/schema\/logo\/image\/\"},\"sameAs\":[\"https:\/\/www.facebook.com\/share\/1JaH96mvPW\/?mibextid=wwXIfr\"]}]}<\/script>\n<!-- \/ Yoast SEO plugin. -->","yoast_head_json":{"title":"dIRE sTRATS Tourberichte - Direstrats","robots":{"index":"index","follow":"follow","max-snippet":"max-snippet:-1","max-image-preview":"max-image-preview:large","max-video-preview":"max-video-preview:-1"},"canonical":"https:\/\/direstrats.com\/tourberichte\/","og_locale":"en_US","og_type":"article","og_title":"dIRE sTRATS Tourberichte - Direstrats","og_description":"Zu jedem Konzert haben wir seit 2007 rechtsstehend einen Tourbericht mit Fotos ver\u00f6ffentlicht &#8211; wir w\u00fcnschen viel Spa\u00df beim st\u00f6bern. Neue Tourberichte erscheinen f\u00fcr gew\u00f6hnlich einen Tag nach dem jeweiligen Konzert.","og_url":"https:\/\/direstrats.com\/tourberichte\/","og_site_name":"Direstrats","article_publisher":"https:\/\/www.facebook.com\/share\/1JaH96mvPW\/?mibextid=wwXIfr","article_modified_time":"2021-06-06T18:56:46+00:00","og_image":[{"url":"https:\/\/direstrats.com\/wp-content\/uploads\/2018\/06\/Kriebstein.jpg","type":"","width":"","height":""}],"twitter_card":"summary_large_image","twitter_misc":{"Est. reading time":"1 minute"},"schema":{"@context":"https:\/\/schema.org","@graph":[{"@type":"WebPage","@id":"https:\/\/direstrats.com\/tourberichte\/","url":"https:\/\/direstrats.com\/tourberichte\/","name":"dIRE sTRATS Tourberichte - Direstrats","isPartOf":{"@id":"https:\/\/direstrats.com\/#website"},"primaryImageOfPage":{"@id":"https:\/\/direstrats.com\/tourberichte\/#primaryimage"},"image":{"@id":"https:\/\/direstrats.com\/tourberichte\/#primaryimage"},"thumbnailUrl":"https:\/\/direstrats.com\/wp-content\/uploads\/2018\/06\/Kriebstein.jpg","datePublished":"2018-04-18T15:21:10+00:00","dateModified":"2021-06-06T18:56:46+00:00","breadcrumb":{"@id":"https:\/\/direstrats.com\/tourberichte\/#breadcrumb"},"inLanguage":"en-US","potentialAction":[{"@type":"ReadAction","target":["https:\/\/direstrats.com\/tourberichte\/"]}]},{"@type":"ImageObject","inLanguage":"en-US","@id":"https:\/\/direstrats.com\/tourberichte\/#primaryimage","url":"https:\/\/direstrats.com\/wp-content\/uploads\/2018\/06\/Kriebstein.jpg","contentUrl":"https:\/\/direstrats.com\/wp-content\/uploads\/2018\/06\/Kriebstein.jpg"},{"@type":"BreadcrumbList","@id":"https:\/\/direstrats.com\/tourberichte\/#breadcrumb","itemListElement":[{"@type":"ListItem","position":1,"name":"Startseite","item":"https:\/\/direstrats.com\/"},{"@type":"ListItem","position":2,"name":"dIRE sTRATS Tourberichte"}]},{"@type":"WebSite","@id":"https:\/\/direstrats.com\/#website","url":"https:\/\/direstrats.com\/","name":"Direstrats","description":"","publisher":{"@id":"https:\/\/direstrats.com\/#organization"},"potentialAction":[{"@type":"SearchAction","target":{"@type":"EntryPoint","urlTemplate":"https:\/\/direstrats.com\/?s={search_term_string}"},"query-input":{"@type":"PropertyValueSpecification","valueRequired":true,"valueName":"search_term_string"}}],"inLanguage":"en-US"},{"@type":"Organization","@id":"https:\/\/direstrats.com\/#organization","name":"Direstrats","url":"https:\/\/direstrats.com\/","logo":{"@type":"ImageObject","inLanguage":"en-US","@id":"https:\/\/direstrats.com\/#\/schema\/logo\/image\/","url":"https:\/\/direstrats.com\/wp-content\/uploads\/2025\/12\/dIREsTRATS_logo_star-1024x768.png","contentUrl":"https:\/\/direstrats.com\/wp-content\/uploads\/2025\/12\/dIREsTRATS_logo_star-1024x768.png","width":1024,"height":768,"caption":"Direstrats"},"image":{"@id":"https:\/\/direstrats.com\/#\/schema\/logo\/image\/"},"sameAs":["https:\/\/www.facebook.com\/share\/1JaH96mvPW\/?mibextid=wwXIfr"]}]}},"jetpack_sharing_enabled":true,"_links":{"self":[{"href":"https:\/\/direstrats.com\/en\/wp-json\/wp\/v2\/pages\/53","targetHints":{"allow":["GET"]}}],"collection":[{"href":"https:\/\/direstrats.com\/en\/wp-json\/wp\/v2\/pages"}],"about":[{"href":"https:\/\/direstrats.com\/en\/wp-json\/wp\/v2\/types\/page"}],"author":[{"embeddable":true,"href":"https:\/\/direstrats.com\/en\/wp-json\/wp\/v2\/users\/7"}],"replies":[{"embeddable":true,"href":"https:\/\/direstrats.com\/en\/wp-json\/wp\/v2\/comments?post=53"}],"version-history":[{"count":12,"href":"https:\/\/direstrats.com\/en\/wp-json\/wp\/v2\/pages\/53\/revisions"}],"predecessor-version":[{"id":1325514,"href":"https:\/\/direstrats.com\/en\/wp-json\/wp\/v2\/pages\/53\/revisions\/1325514"}],"wp:attachment":[{"href":"https:\/\/direstrats.com\/en\/wp-json\/wp\/v2\/media?parent=53"}],"curies":[{"name":"wp","href":"https:\/\/api.w.org\/{rel}","templated":true}]}}