{"id":5,"date":"2018-04-18T14:01:20","date_gmt":"2018-04-18T14:01:20","guid":{"rendered":"https:\/\/ds.cheyenne-portal.de\/?page_id=5"},"modified":"2026-03-08T18:36:50","modified_gmt":"2026-03-08T17:36:50","slug":"startseite","status":"publish","type":"page","link":"https:\/\/direstrats.com\/en\/","title":{"rendered":"Welcome to dIREsTRATS"},"content":{"rendered":"<h3>Ein Sound, der um die Welt ging!<\/h3>\n<p><strong>Erleben Sie die meistgebuchte Dire Straits-Tribute-Band Europas live!<\/strong><\/p>\n<p>Im Vordergrund steht der Sound der um die Welt ging, mit einer Gitarre die keiner von uns je vergessen wird. Wolfgang Uhlich wird dabei von vielen fachkundigen Fans im In- und Ausland als bester Mark Knopfler Gitarren-Imitator angesehen.<\/p>\n<p>Die Band hat sich mit \u00fcber 1.000 Konzerten fest in der deutschen Musiklandschaft etabliert und wurde bei dem bundesweiten Tribute-Contests in Koblenz als beste der 100 teilnehmenden Tributebands ausgezeichnet. Durch enorme Wandlungsf\u00e4higkeit wird ein Live-Programm f\u00fcr alte Kenner und neue Fans geschaffen. Die Klassiker \u201eWalk of Life\u201c, \u201eSultans of swing\u201c und \u201eBrothers in Arms\u201c sind fester Bestandteil des im Detail ausgearbeiteten Programms, welches zu 100% live ist! Keine Hilfsmittel, keine Tricks &#8211; mit Individualit\u00e4t, musikalischem Feingef\u00fchl, pr\u00e4zisem Solospiel und dem richtigen &#8220;Draht&#8221; zum Publikum wurden in den letzten Jahren die B\u00fchnen und die Herzen der Fans im Sturm erobert.<\/p>\n<p><strong>Besetzung:<\/strong><br \/>\nWolfgang Uhlich \u2013 Gesang &amp; Leadgitarre<br \/>\nThomas Fiebig \u2013 Bass<br \/>\nMatthias Strass \u2013 Gitarre<br \/>\nTobi Blattmann \u2013 Keyboards<br \/>\nOlaf Satzer &#8211; Schlagzeug<br \/>\nJens Gernhoff \u2013 Percussion<\/p>\n<p>Wozu eigentlich noch lange schreiben? Musik muss man erleben. Und seit 2004 sind die <strong>dIRE sTRATS<\/strong> die erste Adresse, um die Musik der 1992 aufgel\u00f6sten Dire Straits wieder live zu erleben! Wer diese einzigartige Band bei einer Live-Performance mit ihrer Musik hautnah erleben m\u00f6chte, der sollte sich eines ihrer Konzerte nicht entgehen lassen.<\/p>\n<p><img loading=\"lazy\" decoding=\"async\" class=\"size-full wp-image-1327728\" src=\"https:\/\/direstrats.com\/wp-content\/uploads\/2017\/06\/2023_dIRE_sTRATS_Festung_Koblenz_scaled.jpg\" alt=\"\" width=\"1700\" height=\"600\" data-id=\"1327728\" srcset=\"https:\/\/direstrats.com\/wp-content\/uploads\/2017\/06\/2023_dIRE_sTRATS_Festung_Koblenz_scaled.jpg 1700w, https:\/\/direstrats.com\/wp-content\/uploads\/2017\/06\/2023_dIRE_sTRATS_Festung_Koblenz_scaled-300x106.jpg 300w, https:\/\/direstrats.com\/wp-content\/uploads\/2017\/06\/2023_dIRE_sTRATS_Festung_Koblenz_scaled-1024x361.jpg 1024w, https:\/\/direstrats.com\/wp-content\/uploads\/2017\/06\/2023_dIRE_sTRATS_Festung_Koblenz_scaled-768x271.jpg 768w, https:\/\/direstrats.com\/wp-content\/uploads\/2017\/06\/2023_dIRE_sTRATS_Festung_Koblenz_scaled-1536x542.jpg 1536w, https:\/\/direstrats.com\/wp-content\/uploads\/2017\/06\/2023_dIRE_sTRATS_Festung_Koblenz_scaled-600x212.jpg 600w\" sizes=\"auto, (max-width: 1700px) 100vw, 1700px\" \/><\/p>\n<hr>\n<h3>YouTube Links<\/h3>\n<div>\n<h3>&nbsp;<\/h3>\n<h5>Sultans of swing &#8211; November 2023<\/h5>\n<p><iframe loading=\"lazy\" title=\"Sultans Of Swing - dIRE sTRATS - Live in Cultura Arena, Rietberg 2023\" width=\"640\" height=\"360\" src=\"https:\/\/www.youtube.com\/embed\/57_uobRXv4E?feature=oembed\" frameborder=\"0\" allow=\"accelerometer; autoplay; clipboard-write; encrypted-media; gyroscope; picture-in-picture; web-share\" referrerpolicy=\"strict-origin-when-cross-origin\" allowfullscreen><\/iframe><\/p>\n<h5>Money for nothing &#8211; August 2023<\/h5>\n<p><iframe loading=\"lazy\" title=\"Money For Nothing - dIRE sTRATS - Live in Koblenz\" width=\"640\" height=\"360\" src=\"https:\/\/www.youtube.com\/embed\/sAsQ1DazAGU?feature=oembed\" frameborder=\"0\" allow=\"accelerometer; autoplay; clipboard-write; encrypted-media; gyroscope; picture-in-picture; web-share\" referrerpolicy=\"strict-origin-when-cross-origin\" allowfullscreen><\/iframe><\/p>\n<h3><a href=\"https:\/\/direstrats.com\/videos\/\">Weitere Videos<\/a><\/h3>\n<\/div>\n","protected":false},"excerpt":{"rendered":"<p>Ein Sound, der um die Welt ging! Erleben Sie die meistgebuchte Dire Straits-Tribute-Band Europas live! Im Vordergrund steht der Sound der um die Welt ging, mit einer Gitarre die keiner von uns je vergessen wird. Wolfgang Uhlich wird dabei von vielen fachkundigen Fans im In- und Ausland als bester Mark Knopfler Gitarren-Imitator angesehen. Die Band&#8230;<\/p>\n","protected":false},"author":7,"featured_media":0,"parent":0,"menu_order":0,"comment_status":"closed","ping_status":"closed","template":"","meta":{"ngg_post_thumbnail":0,"footnotes":""},"class_list":["post-5","page","type-page","status-publish","hentry"],"yoast_head":"<!-- This site is optimized with the Yoast SEO plugin v27.2 - https:\/\/yoast.com\/product\/yoast-seo-wordpress\/ -->\n<title>Welcome to dIREsTRATS - Direstrats<\/title>\n<meta name=\"robots\" content=\"index, follow, max-snippet:-1, max-image-preview:large, max-video-preview:-1\" \/>\n<link rel=\"canonical\" href=\"https:\/\/direstrats.com\/\" \/>\n<meta property=\"og:locale\" content=\"en_US\" \/>\n<meta property=\"og:type\" content=\"article\" \/>\n<meta property=\"og:title\" content=\"Welcome to dIREsTRATS - Direstrats\" \/>\n<meta property=\"og:description\" content=\"Ein Sound, der um die Welt ging! Erleben Sie die meistgebuchte Dire Straits-Tribute-Band Europas live! Im Vordergrund steht der Sound der um die Welt ging, mit einer Gitarre die keiner von uns je vergessen wird. Wolfgang Uhlich wird dabei von vielen fachkundigen Fans im In- und Ausland als bester Mark Knopfler Gitarren-Imitator angesehen. Die Band...\" \/>\n<meta property=\"og:url\" content=\"https:\/\/direstrats.com\/\" \/>\n<meta property=\"og:site_name\" content=\"Direstrats\" \/>\n<meta property=\"article:publisher\" content=\"https:\/\/www.facebook.com\/share\/1JaH96mvPW\/?mibextid=wwXIfr\" \/>\n<meta property=\"article:modified_time\" content=\"2026-03-08T17:36:50+00:00\" \/>\n<meta property=\"og:image\" content=\"https:\/\/direstrats.com\/wp-content\/uploads\/2017\/06\/2023_dIRE_sTRATS_Festung_Koblenz_scaled.jpg\" \/>\n\t<meta property=\"og:image:width\" content=\"1700\" \/>\n\t<meta property=\"og:image:height\" content=\"600\" \/>\n\t<meta property=\"og:image:type\" content=\"image\/jpeg\" \/>\n<meta name=\"twitter:card\" content=\"summary_large_image\" \/>\n<meta name=\"twitter:label1\" content=\"Est. reading time\" \/>\n\t<meta name=\"twitter:data1\" content=\"2 minutes\" \/>\n<script type=\"application\/ld+json\" class=\"yoast-schema-graph\">{\"@context\":\"https:\/\/schema.org\",\"@graph\":[{\"@type\":\"WebPage\",\"@id\":\"https:\/\/direstrats.com\/\",\"url\":\"https:\/\/direstrats.com\/\",\"name\":\"Welcome to dIREsTRATS - Direstrats\",\"isPartOf\":{\"@id\":\"https:\/\/direstrats.com\/#website\"},\"primaryImageOfPage\":{\"@id\":\"https:\/\/direstrats.com\/#primaryimage\"},\"image\":{\"@id\":\"https:\/\/direstrats.com\/#primaryimage\"},\"thumbnailUrl\":\"https:\/\/direstrats.com\/wp-content\/uploads\/2017\/06\/2023_dIRE_sTRATS_Festung_Koblenz_scaled.jpg\",\"datePublished\":\"2018-04-18T14:01:20+00:00\",\"dateModified\":\"2026-03-08T17:36:50+00:00\",\"breadcrumb\":{\"@id\":\"https:\/\/direstrats.com\/#breadcrumb\"},\"inLanguage\":\"en-US\",\"potentialAction\":[{\"@type\":\"ReadAction\",\"target\":[\"https:\/\/direstrats.com\/\"]}]},{\"@type\":\"ImageObject\",\"inLanguage\":\"en-US\",\"@id\":\"https:\/\/direstrats.com\/#primaryimage\",\"url\":\"https:\/\/direstrats.com\/wp-content\/uploads\/2017\/06\/2023_dIRE_sTRATS_Festung_Koblenz_scaled.jpg\",\"contentUrl\":\"https:\/\/direstrats.com\/wp-content\/uploads\/2017\/06\/2023_dIRE_sTRATS_Festung_Koblenz_scaled.jpg\"},{\"@type\":\"BreadcrumbList\",\"@id\":\"https:\/\/direstrats.com\/#breadcrumb\",\"itemListElement\":[{\"@type\":\"ListItem\",\"position\":1,\"name\":\"Startseite\",\"item\":\"https:\/\/direstrats.com\/\"},{\"@type\":\"ListItem\",\"position\":2,\"name\":\"Herzlich Willkommen bei den dIREsTRATS\"}]},{\"@type\":\"WebSite\",\"@id\":\"https:\/\/direstrats.com\/#website\",\"url\":\"https:\/\/direstrats.com\/\",\"name\":\"Direstrats\",\"description\":\"\",\"publisher\":{\"@id\":\"https:\/\/direstrats.com\/#organization\"},\"potentialAction\":[{\"@type\":\"SearchAction\",\"target\":{\"@type\":\"EntryPoint\",\"urlTemplate\":\"https:\/\/direstrats.com\/?s={search_term_string}\"},\"query-input\":{\"@type\":\"PropertyValueSpecification\",\"valueRequired\":true,\"valueName\":\"search_term_string\"}}],\"inLanguage\":\"en-US\"},{\"@type\":\"Organization\",\"@id\":\"https:\/\/direstrats.com\/#organization\",\"name\":\"Direstrats\",\"url\":\"https:\/\/direstrats.com\/\",\"logo\":{\"@type\":\"ImageObject\",\"inLanguage\":\"en-US\",\"@id\":\"https:\/\/direstrats.com\/#\/schema\/logo\/image\/\",\"url\":\"https:\/\/direstrats.com\/wp-content\/uploads\/2025\/12\/dIREsTRATS_logo_star-1024x768.png\",\"contentUrl\":\"https:\/\/direstrats.com\/wp-content\/uploads\/2025\/12\/dIREsTRATS_logo_star-1024x768.png\",\"width\":1024,\"height\":768,\"caption\":\"Direstrats\"},\"image\":{\"@id\":\"https:\/\/direstrats.com\/#\/schema\/logo\/image\/\"},\"sameAs\":[\"https:\/\/www.facebook.com\/share\/1JaH96mvPW\/?mibextid=wwXIfr\"]}]}<\/script>\n<!-- \/ Yoast SEO plugin. -->","yoast_head_json":{"title":"Welcome to dIREsTRATS - Direstrats","robots":{"index":"index","follow":"follow","max-snippet":"max-snippet:-1","max-image-preview":"max-image-preview:large","max-video-preview":"max-video-preview:-1"},"canonical":"https:\/\/direstrats.com\/","og_locale":"en_US","og_type":"article","og_title":"Welcome to dIREsTRATS - Direstrats","og_description":"Ein Sound, der um die Welt ging! Erleben Sie die meistgebuchte Dire Straits-Tribute-Band Europas live! Im Vordergrund steht der Sound der um die Welt ging, mit einer Gitarre die keiner von uns je vergessen wird. Wolfgang Uhlich wird dabei von vielen fachkundigen Fans im In- und Ausland als bester Mark Knopfler Gitarren-Imitator angesehen. Die Band...","og_url":"https:\/\/direstrats.com\/","og_site_name":"Direstrats","article_publisher":"https:\/\/www.facebook.com\/share\/1JaH96mvPW\/?mibextid=wwXIfr","article_modified_time":"2026-03-08T17:36:50+00:00","og_image":[{"width":1700,"height":600,"url":"https:\/\/direstrats.com\/wp-content\/uploads\/2017\/06\/2023_dIRE_sTRATS_Festung_Koblenz_scaled.jpg","type":"image\/jpeg"}],"twitter_card":"summary_large_image","twitter_misc":{"Est. reading time":"2 minutes"},"schema":{"@context":"https:\/\/schema.org","@graph":[{"@type":"WebPage","@id":"https:\/\/direstrats.com\/","url":"https:\/\/direstrats.com\/","name":"Welcome to dIREsTRATS - Direstrats","isPartOf":{"@id":"https:\/\/direstrats.com\/#website"},"primaryImageOfPage":{"@id":"https:\/\/direstrats.com\/#primaryimage"},"image":{"@id":"https:\/\/direstrats.com\/#primaryimage"},"thumbnailUrl":"https:\/\/direstrats.com\/wp-content\/uploads\/2017\/06\/2023_dIRE_sTRATS_Festung_Koblenz_scaled.jpg","datePublished":"2018-04-18T14:01:20+00:00","dateModified":"2026-03-08T17:36:50+00:00","breadcrumb":{"@id":"https:\/\/direstrats.com\/#breadcrumb"},"inLanguage":"en-US","potentialAction":[{"@type":"ReadAction","target":["https:\/\/direstrats.com\/"]}]},{"@type":"ImageObject","inLanguage":"en-US","@id":"https:\/\/direstrats.com\/#primaryimage","url":"https:\/\/direstrats.com\/wp-content\/uploads\/2017\/06\/2023_dIRE_sTRATS_Festung_Koblenz_scaled.jpg","contentUrl":"https:\/\/direstrats.com\/wp-content\/uploads\/2017\/06\/2023_dIRE_sTRATS_Festung_Koblenz_scaled.jpg"},{"@type":"BreadcrumbList","@id":"https:\/\/direstrats.com\/#breadcrumb","itemListElement":[{"@type":"ListItem","position":1,"name":"Startseite","item":"https:\/\/direstrats.com\/"},{"@type":"ListItem","position":2,"name":"Herzlich Willkommen bei den dIREsTRATS"}]},{"@type":"WebSite","@id":"https:\/\/direstrats.com\/#website","url":"https:\/\/direstrats.com\/","name":"Direstrats","description":"","publisher":{"@id":"https:\/\/direstrats.com\/#organization"},"potentialAction":[{"@type":"SearchAction","target":{"@type":"EntryPoint","urlTemplate":"https:\/\/direstrats.com\/?s={search_term_string}"},"query-input":{"@type":"PropertyValueSpecification","valueRequired":true,"valueName":"search_term_string"}}],"inLanguage":"en-US"},{"@type":"Organization","@id":"https:\/\/direstrats.com\/#organization","name":"Direstrats","url":"https:\/\/direstrats.com\/","logo":{"@type":"ImageObject","inLanguage":"en-US","@id":"https:\/\/direstrats.com\/#\/schema\/logo\/image\/","url":"https:\/\/direstrats.com\/wp-content\/uploads\/2025\/12\/dIREsTRATS_logo_star-1024x768.png","contentUrl":"https:\/\/direstrats.com\/wp-content\/uploads\/2025\/12\/dIREsTRATS_logo_star-1024x768.png","width":1024,"height":768,"caption":"Direstrats"},"image":{"@id":"https:\/\/direstrats.com\/#\/schema\/logo\/image\/"},"sameAs":["https:\/\/www.facebook.com\/share\/1JaH96mvPW\/?mibextid=wwXIfr"]}]}},"jetpack_sharing_enabled":true,"_links":{"self":[{"href":"https:\/\/direstrats.com\/en\/wp-json\/wp\/v2\/pages\/5","targetHints":{"allow":["GET"]}}],"collection":[{"href":"https:\/\/direstrats.com\/en\/wp-json\/wp\/v2\/pages"}],"about":[{"href":"https:\/\/direstrats.com\/en\/wp-json\/wp\/v2\/types\/page"}],"author":[{"embeddable":true,"href":"https:\/\/direstrats.com\/en\/wp-json\/wp\/v2\/users\/7"}],"replies":[{"embeddable":true,"href":"https:\/\/direstrats.com\/en\/wp-json\/wp\/v2\/comments?post=5"}],"version-history":[{"count":48,"href":"https:\/\/direstrats.com\/en\/wp-json\/wp\/v2\/pages\/5\/revisions"}],"predecessor-version":[{"id":1330054,"href":"https:\/\/direstrats.com\/en\/wp-json\/wp\/v2\/pages\/5\/revisions\/1330054"}],"wp:attachment":[{"href":"https:\/\/direstrats.com\/en\/wp-json\/wp\/v2\/media?parent=5"}],"curies":[{"name":"wp","href":"https:\/\/api.w.org\/{rel}","templated":true}]}}