{"id":477,"date":"2018-05-11T16:30:46","date_gmt":"2018-05-11T16:30:46","guid":{"rendered":"https:\/\/ds.cheyenne-portal.de\/?page_id=477"},"modified":"2025-12-04T15:56:38","modified_gmt":"2025-12-04T14:56:38","slug":"standardbesetzung-5-musiker","status":"publish","type":"page","link":"https:\/\/direstrats.com\/en\/veranstalter\/standardbesetzung-5-musiker\/","title":{"rendered":"Promotion u. Infomaterial f\u00fcr Veranstalter"},"content":{"rendered":"<p><\/p>\n<hr>\n<p>Unten stehend befinden sich die technischen Anforderungen, Pressetext, Fotomaterial, Plakat sowie verschiedene Logos zum herunterladen. Die Materialien k\u00f6nnen im Sinne der Bewerbung genutzt und der Pressetext darf zudem entsprechend angepasst werden.<\/p>\n<p>&nbsp;<\/p>\n<p>&nbsp;<br \/>\n<strong>B\u00fchnenanweisung (Rider):<\/strong><br \/>\nDie B\u00fchnenanweisung k\u00f6nnen Sie <span style=\"color: #ff9900;\"><a style=\"color: #ff9900;\" href=\"https:\/\/direstrats.com\/wp-content\/uploads\/Veranstalter\/StageRider.pdf\" download=\"\">hier<\/a><\/span> (PDF) herunterladen.<\/p>\n<p><strong>Pressetext:<\/strong><br \/>\nDen offiziellen Pressetext (PDF) k\u00f6nnen Sie <span style=\"color: #ff9900;\"><a style=\"color: #ff9900;\" href=\"https:\/\/direstrats.com\/wp-content\/uploads\/Veranstalter\/dIREsTRATS_Pressetext_2021_06.pdf\" download=\"\">hier<\/a><\/span>&nbsp;herunterladen.<\/p>\n<p><strong>Pressefotos:<\/strong><br \/>\nSuchen Sie sich Ihr passendes Pressefoto aus. Fotograf: Klaus Manns<\/p>\n<table>\n<tbody>\n<tr>\n<th><a href=\"https:\/\/direstrats.com\/wp-content\/uploads\/2025\/12\/003_Presse_dIRE-sTRATS-Group-Shot_2025-06-06_6003881-56923_print-max_Foto-Klaus-Manns.jpg\" download=\"\"><img decoding=\"async\" src=\"https:\/\/direstrats.com\/wp-content\/uploads\/2025\/12\/003_Presse_dIRE-sTRATS-Group-Shot_2025-06-06_6003881-56923_print-max_Foto-Klaus-Manns.jpg\" alt=\"\" width=\"200\"><\/a><\/th>\n<th><a href=\"https:\/\/direstrats.com\/wp-content\/uploads\/2025\/12\/002_Presse_dIRE-sTRATS-Group-Shot_2025-06-06_6003881-57088_print-max_Foto-Klaus-Manns.jpg\" download=\"\"><img decoding=\"async\" src=\"https:\/\/direstrats.com\/wp-content\/uploads\/2025\/12\/002_Presse_dIRE-sTRATS-Group-Shot_2025-06-06_6003881-57088_print-max_Foto-Klaus-Manns.jpg\" alt=\"\" width=\"200\"><\/a><\/th>\n<\/tr>\n<tr>\n<th><a href=\"https:\/\/direstrats.com\/wp-content\/uploads\/2025\/12\/003_2023-08-10_6003881-29681_web-max_Foto-Klaus-Manns-scaled.jpg\" download=\"\"><img decoding=\"async\" src=\"https:\/\/direstrats.com\/wp-content\/uploads\/2025\/12\/003_2023-08-10_6003881-29681_web-max_Foto-Klaus-Manns-scaled.jpg\" alt=\"\" width=\"200\"><\/a><\/th>\n<th><a href=\"https:\/\/direstrats.com\/wp-content\/uploads\/2025\/12\/004_dIRE-sTRATS-Wolfgang-Solo_2025-08-07_6003881-60355_print-max_Foto-Klaus-Manns.jpg\" download=\"\"><img decoding=\"async\" src=\"https:\/\/direstrats.com\/wp-content\/uploads\/2025\/12\/004_dIRE-sTRATS-Wolfgang-Solo_2025-08-07_6003881-60355_print-max_Foto-Klaus-Manns.jpg\" alt=\"\" width=\"200\"><\/a><\/th>\n<\/tr>\n<tr>\n<th><a href=\"https:\/\/direstrats.com\/wp-content\/uploads\/2025\/12\/dIREsTRATS_Pressefoto_2021-scaled.jpg\" download=\"\"><img decoding=\"async\" src=\"https:\/\/direstrats.com\/wp-content\/uploads\/2025\/12\/dIREsTRATS_Pressefoto_2021-scaled.jpg\" alt=\"\" width=\"200\"><\/a><\/th>\n<th><a href=\"https:\/\/direstrats.com\/wp-content\/uploads\/2025\/12\/001_Presse_dIRE-sTRATS-Group-Shot_2025-06-06_6003881-57451_print-max_Foto-Klaus-Manns.jpg\" download=\"\"><img decoding=\"async\" src=\"https:\/\/direstrats.com\/wp-content\/uploads\/2025\/12\/001_Presse_dIRE-sTRATS-Group-Shot_2025-06-06_6003881-57451_print-max_Foto-Klaus-Manns.jpg\" alt=\"\" width=\"200\"><\/a><\/th>\n<\/tr>\n<\/tbody>\n<\/table>\n<p><strong>Logo:<\/strong><br \/>\nSuchen Sie sich Ihr passendes Logo aus.<\/p>\n<table>\n<tbody>\n<tr>\n<th><a href=\"https:\/\/direstrats.com\/wp-content\/uploads\/2025\/12\/dIREsTRATS_logo_white-scaled.png\" download=\"\"><img decoding=\"async\" src=\"https:\/\/direstrats.com\/wp-content\/uploads\/2025\/12\/dIREsTRATS_logo_white-scaled.png\" alt=\"\" width=\"400\"><\/a><\/th>\n<\/tr>\n<tr>\n<th><a href=\"https:\/\/direstrats.com\/wp-content\/uploads\/2025\/12\/dIREsTRATS_logo-Bild-scaled.jpg\" download=\"\"><img decoding=\"async\" src=\"https:\/\/direstrats.com\/wp-content\/uploads\/2025\/12\/dIREsTRATS_logo-Bild-scaled.jpg\" alt=\"\" width=\"400\"><\/a><\/th>\n<\/tr>\n<tr>\n<th><a href=\"https:\/\/direstrats.com\/wp-content\/uploads\/2025\/12\/dIREsTRATS_logo_star.png\" download=\"\"><img decoding=\"async\" src=\"https:\/\/direstrats.com\/wp-content\/uploads\/2025\/12\/dIREsTRATS_logo_star.png\" alt=\"\" width=\"400\"><\/a><\/th>\n<\/tr>\n<\/tbody>\n<\/table>\n<p><strong>Plakat:<\/strong><br \/>\nEin Plakat k\u00f6nnen Sie <span style=\"color: #ff9900;\"><a style=\"color: #ff9900;\" href=\"https:\/\/direstrats.com\/wp-content\/uploads\/Veranstalter\/Plakat A1.jpg\" download=\"\">hier<\/a><\/span>&nbsp;herunterladen.<\/p>","protected":false},"excerpt":{"rendered":"<p>Unten stehend befinden sich die technischen Anforderungen, Pressetext, Fotomaterial, Plakat sowie verschiedene Logos zum herunterladen. Die Materialien k\u00f6nnen im Sinne der Bewerbung genutzt und der Pressetext darf zudem entsprechend angepasst werden. &nbsp; &nbsp; B\u00fchnenanweisung (Rider): Die B\u00fchnenanweisung k\u00f6nnen Sie hier (PDF) herunterladen. Pressetext: Den offiziellen Pressetext (PDF) k\u00f6nnen Sie hier&nbsp;herunterladen. Pressefotos: Suchen Sie sich Ihr&#8230;<\/p>\n","protected":false},"author":7,"featured_media":0,"parent":49,"menu_order":0,"comment_status":"closed","ping_status":"closed","template":"","meta":{"ngg_post_thumbnail":0,"footnotes":""},"class_list":["post-477","page","type-page","status-publish","hentry"],"yoast_head":"<!-- This site is optimized with the Yoast SEO plugin v27.2 - https:\/\/yoast.com\/product\/yoast-seo-wordpress\/ -->\n<title>Promotion u. Infomaterial f\u00fcr Veranstalter - Direstrats<\/title>\n<meta name=\"robots\" content=\"index, follow, max-snippet:-1, max-image-preview:large, max-video-preview:-1\" \/>\n<link rel=\"canonical\" href=\"https:\/\/direstrats.com\/veranstalter\/standardbesetzung-5-musiker\/\" \/>\n<meta property=\"og:locale\" content=\"en_US\" \/>\n<meta property=\"og:type\" content=\"article\" \/>\n<meta property=\"og:title\" content=\"Promotion u. Infomaterial f\u00fcr Veranstalter - Direstrats\" \/>\n<meta property=\"og:description\" content=\"Unten stehend befinden sich die technischen Anforderungen, Pressetext, Fotomaterial, Plakat sowie verschiedene Logos zum herunterladen. Die Materialien k\u00f6nnen im Sinne der Bewerbung genutzt und der Pressetext darf zudem entsprechend angepasst werden. &nbsp; &nbsp; B\u00fchnenanweisung (Rider): Die B\u00fchnenanweisung k\u00f6nnen Sie hier (PDF) herunterladen. Pressetext: Den offiziellen Pressetext (PDF) k\u00f6nnen Sie hier&nbsp;herunterladen. Pressefotos: Suchen Sie sich Ihr...\" \/>\n<meta property=\"og:url\" content=\"https:\/\/direstrats.com\/veranstalter\/standardbesetzung-5-musiker\/\" \/>\n<meta property=\"og:site_name\" content=\"Direstrats\" \/>\n<meta property=\"article:publisher\" content=\"https:\/\/www.facebook.com\/share\/1JaH96mvPW\/?mibextid=wwXIfr\" \/>\n<meta property=\"article:modified_time\" content=\"2025-12-04T14:56:38+00:00\" \/>\n<meta property=\"og:image\" content=\"https:\/\/direstrats.com\/wp-content\/uploads\/2025\/12\/003_Presse_dIRE-sTRATS-Group-Shot_2025-06-06_6003881-56923_print-max_Foto-Klaus-Manns.jpg\" \/>\n<meta name=\"twitter:card\" content=\"summary_large_image\" \/>\n<meta name=\"twitter:label1\" content=\"Est. reading time\" \/>\n\t<meta name=\"twitter:data1\" content=\"5 minutes\" \/>\n<script type=\"application\/ld+json\" class=\"yoast-schema-graph\">{\"@context\":\"https:\/\/schema.org\",\"@graph\":[{\"@type\":\"WebPage\",\"@id\":\"https:\/\/direstrats.com\/veranstalter\/standardbesetzung-5-musiker\/\",\"url\":\"https:\/\/direstrats.com\/veranstalter\/standardbesetzung-5-musiker\/\",\"name\":\"Promotion u. Infomaterial f\u00fcr Veranstalter - Direstrats\",\"isPartOf\":{\"@id\":\"https:\/\/direstrats.com\/#website\"},\"primaryImageOfPage\":{\"@id\":\"https:\/\/direstrats.com\/veranstalter\/standardbesetzung-5-musiker\/#primaryimage\"},\"image\":{\"@id\":\"https:\/\/direstrats.com\/veranstalter\/standardbesetzung-5-musiker\/#primaryimage\"},\"thumbnailUrl\":\"https:\/\/direstrats.com\/wp-content\/uploads\/2025\/12\/003_Presse_dIRE-sTRATS-Group-Shot_2025-06-06_6003881-56923_print-max_Foto-Klaus-Manns.jpg\",\"datePublished\":\"2018-05-11T16:30:46+00:00\",\"dateModified\":\"2025-12-04T14:56:38+00:00\",\"breadcrumb\":{\"@id\":\"https:\/\/direstrats.com\/veranstalter\/standardbesetzung-5-musiker\/#breadcrumb\"},\"inLanguage\":\"en-US\",\"potentialAction\":[{\"@type\":\"ReadAction\",\"target\":[\"https:\/\/direstrats.com\/veranstalter\/standardbesetzung-5-musiker\/\"]}]},{\"@type\":\"ImageObject\",\"inLanguage\":\"en-US\",\"@id\":\"https:\/\/direstrats.com\/veranstalter\/standardbesetzung-5-musiker\/#primaryimage\",\"url\":\"https:\/\/direstrats.com\/wp-content\/uploads\/2025\/12\/003_Presse_dIRE-sTRATS-Group-Shot_2025-06-06_6003881-56923_print-max_Foto-Klaus-Manns.jpg\",\"contentUrl\":\"https:\/\/direstrats.com\/wp-content\/uploads\/2025\/12\/003_Presse_dIRE-sTRATS-Group-Shot_2025-06-06_6003881-56923_print-max_Foto-Klaus-Manns.jpg\"},{\"@type\":\"BreadcrumbList\",\"@id\":\"https:\/\/direstrats.com\/veranstalter\/standardbesetzung-5-musiker\/#breadcrumb\",\"itemListElement\":[{\"@type\":\"ListItem\",\"position\":1,\"name\":\"Startseite\",\"item\":\"https:\/\/direstrats.com\/\"},{\"@type\":\"ListItem\",\"position\":2,\"name\":\"Veranstalter-Portal\",\"item\":\"https:\/\/direstrats.com\/en\/veranstalter\/\"},{\"@type\":\"ListItem\",\"position\":3,\"name\":\"Promotion und Infomaterial f\u00fcr Veranstalter\"}]},{\"@type\":\"WebSite\",\"@id\":\"https:\/\/direstrats.com\/#website\",\"url\":\"https:\/\/direstrats.com\/\",\"name\":\"Direstrats\",\"description\":\"\",\"publisher\":{\"@id\":\"https:\/\/direstrats.com\/#organization\"},\"potentialAction\":[{\"@type\":\"SearchAction\",\"target\":{\"@type\":\"EntryPoint\",\"urlTemplate\":\"https:\/\/direstrats.com\/?s={search_term_string}\"},\"query-input\":{\"@type\":\"PropertyValueSpecification\",\"valueRequired\":true,\"valueName\":\"search_term_string\"}}],\"inLanguage\":\"en-US\"},{\"@type\":\"Organization\",\"@id\":\"https:\/\/direstrats.com\/#organization\",\"name\":\"Direstrats\",\"url\":\"https:\/\/direstrats.com\/\",\"logo\":{\"@type\":\"ImageObject\",\"inLanguage\":\"en-US\",\"@id\":\"https:\/\/direstrats.com\/#\/schema\/logo\/image\/\",\"url\":\"https:\/\/direstrats.com\/wp-content\/uploads\/2025\/12\/dIREsTRATS_logo_star-1024x768.png\",\"contentUrl\":\"https:\/\/direstrats.com\/wp-content\/uploads\/2025\/12\/dIREsTRATS_logo_star-1024x768.png\",\"width\":1024,\"height\":768,\"caption\":\"Direstrats\"},\"image\":{\"@id\":\"https:\/\/direstrats.com\/#\/schema\/logo\/image\/\"},\"sameAs\":[\"https:\/\/www.facebook.com\/share\/1JaH96mvPW\/?mibextid=wwXIfr\"]}]}<\/script>\n<!-- \/ Yoast SEO plugin. -->","yoast_head_json":{"title":"Promotion u. Infomaterial f\u00fcr Veranstalter - Direstrats","robots":{"index":"index","follow":"follow","max-snippet":"max-snippet:-1","max-image-preview":"max-image-preview:large","max-video-preview":"max-video-preview:-1"},"canonical":"https:\/\/direstrats.com\/veranstalter\/standardbesetzung-5-musiker\/","og_locale":"en_US","og_type":"article","og_title":"Promotion u. Infomaterial f\u00fcr Veranstalter - Direstrats","og_description":"Unten stehend befinden sich die technischen Anforderungen, Pressetext, Fotomaterial, Plakat sowie verschiedene Logos zum herunterladen. Die Materialien k\u00f6nnen im Sinne der Bewerbung genutzt und der Pressetext darf zudem entsprechend angepasst werden. &nbsp; &nbsp; B\u00fchnenanweisung (Rider): Die B\u00fchnenanweisung k\u00f6nnen Sie hier (PDF) herunterladen. Pressetext: Den offiziellen Pressetext (PDF) k\u00f6nnen Sie hier&nbsp;herunterladen. Pressefotos: Suchen Sie sich Ihr...","og_url":"https:\/\/direstrats.com\/veranstalter\/standardbesetzung-5-musiker\/","og_site_name":"Direstrats","article_publisher":"https:\/\/www.facebook.com\/share\/1JaH96mvPW\/?mibextid=wwXIfr","article_modified_time":"2025-12-04T14:56:38+00:00","og_image":[{"url":"https:\/\/direstrats.com\/wp-content\/uploads\/2025\/12\/003_Presse_dIRE-sTRATS-Group-Shot_2025-06-06_6003881-56923_print-max_Foto-Klaus-Manns.jpg","type":"","width":"","height":""}],"twitter_card":"summary_large_image","twitter_misc":{"Est. reading time":"5 minutes"},"schema":{"@context":"https:\/\/schema.org","@graph":[{"@type":"WebPage","@id":"https:\/\/direstrats.com\/veranstalter\/standardbesetzung-5-musiker\/","url":"https:\/\/direstrats.com\/veranstalter\/standardbesetzung-5-musiker\/","name":"Promotion u. Infomaterial f\u00fcr Veranstalter - Direstrats","isPartOf":{"@id":"https:\/\/direstrats.com\/#website"},"primaryImageOfPage":{"@id":"https:\/\/direstrats.com\/veranstalter\/standardbesetzung-5-musiker\/#primaryimage"},"image":{"@id":"https:\/\/direstrats.com\/veranstalter\/standardbesetzung-5-musiker\/#primaryimage"},"thumbnailUrl":"https:\/\/direstrats.com\/wp-content\/uploads\/2025\/12\/003_Presse_dIRE-sTRATS-Group-Shot_2025-06-06_6003881-56923_print-max_Foto-Klaus-Manns.jpg","datePublished":"2018-05-11T16:30:46+00:00","dateModified":"2025-12-04T14:56:38+00:00","breadcrumb":{"@id":"https:\/\/direstrats.com\/veranstalter\/standardbesetzung-5-musiker\/#breadcrumb"},"inLanguage":"en-US","potentialAction":[{"@type":"ReadAction","target":["https:\/\/direstrats.com\/veranstalter\/standardbesetzung-5-musiker\/"]}]},{"@type":"ImageObject","inLanguage":"en-US","@id":"https:\/\/direstrats.com\/veranstalter\/standardbesetzung-5-musiker\/#primaryimage","url":"https:\/\/direstrats.com\/wp-content\/uploads\/2025\/12\/003_Presse_dIRE-sTRATS-Group-Shot_2025-06-06_6003881-56923_print-max_Foto-Klaus-Manns.jpg","contentUrl":"https:\/\/direstrats.com\/wp-content\/uploads\/2025\/12\/003_Presse_dIRE-sTRATS-Group-Shot_2025-06-06_6003881-56923_print-max_Foto-Klaus-Manns.jpg"},{"@type":"BreadcrumbList","@id":"https:\/\/direstrats.com\/veranstalter\/standardbesetzung-5-musiker\/#breadcrumb","itemListElement":[{"@type":"ListItem","position":1,"name":"Startseite","item":"https:\/\/direstrats.com\/"},{"@type":"ListItem","position":2,"name":"Veranstalter-Portal","item":"https:\/\/direstrats.com\/en\/veranstalter\/"},{"@type":"ListItem","position":3,"name":"Promotion und Infomaterial f\u00fcr Veranstalter"}]},{"@type":"WebSite","@id":"https:\/\/direstrats.com\/#website","url":"https:\/\/direstrats.com\/","name":"Direstrats","description":"","publisher":{"@id":"https:\/\/direstrats.com\/#organization"},"potentialAction":[{"@type":"SearchAction","target":{"@type":"EntryPoint","urlTemplate":"https:\/\/direstrats.com\/?s={search_term_string}"},"query-input":{"@type":"PropertyValueSpecification","valueRequired":true,"valueName":"search_term_string"}}],"inLanguage":"en-US"},{"@type":"Organization","@id":"https:\/\/direstrats.com\/#organization","name":"Direstrats","url":"https:\/\/direstrats.com\/","logo":{"@type":"ImageObject","inLanguage":"en-US","@id":"https:\/\/direstrats.com\/#\/schema\/logo\/image\/","url":"https:\/\/direstrats.com\/wp-content\/uploads\/2025\/12\/dIREsTRATS_logo_star-1024x768.png","contentUrl":"https:\/\/direstrats.com\/wp-content\/uploads\/2025\/12\/dIREsTRATS_logo_star-1024x768.png","width":1024,"height":768,"caption":"Direstrats"},"image":{"@id":"https:\/\/direstrats.com\/#\/schema\/logo\/image\/"},"sameAs":["https:\/\/www.facebook.com\/share\/1JaH96mvPW\/?mibextid=wwXIfr"]}]}},"jetpack_sharing_enabled":true,"_links":{"self":[{"href":"https:\/\/direstrats.com\/en\/wp-json\/wp\/v2\/pages\/477","targetHints":{"allow":["GET"]}}],"collection":[{"href":"https:\/\/direstrats.com\/en\/wp-json\/wp\/v2\/pages"}],"about":[{"href":"https:\/\/direstrats.com\/en\/wp-json\/wp\/v2\/types\/page"}],"author":[{"embeddable":true,"href":"https:\/\/direstrats.com\/en\/wp-json\/wp\/v2\/users\/7"}],"replies":[{"embeddable":true,"href":"https:\/\/direstrats.com\/en\/wp-json\/wp\/v2\/comments?post=477"}],"version-history":[{"count":88,"href":"https:\/\/direstrats.com\/en\/wp-json\/wp\/v2\/pages\/477\/revisions"}],"predecessor-version":[{"id":1329897,"href":"https:\/\/direstrats.com\/en\/wp-json\/wp\/v2\/pages\/477\/revisions\/1329897"}],"up":[{"embeddable":true,"href":"https:\/\/direstrats.com\/en\/wp-json\/wp\/v2\/pages\/49"}],"wp:attachment":[{"href":"https:\/\/direstrats.com\/en\/wp-json\/wp\/v2\/media?parent=477"}],"curies":[{"name":"wp","href":"https:\/\/api.w.org\/{rel}","templated":true}]}}