{"id":43,"date":"2018-04-18T15:20:09","date_gmt":"2018-04-18T15:20:09","guid":{"rendered":"https:\/\/ds.cheyenne-portal.de\/?page_id=43"},"modified":"2023-02-15T15:18:42","modified_gmt":"2023-02-15T14:18:42","slug":"band","status":"publish","type":"page","link":"https:\/\/direstrats.com\/en\/band\/","title":{"rendered":"dIRE sTRATS &#8211; Band"},"content":{"rendered":"<p><img loading=\"lazy\" decoding=\"async\" src=\"https:\/\/direstrats.com\/wp-content\/uploads\/2017\/06\/2023_dIRE_sTRATS_Festung_Koblenz_scaled.jpg\" alt=\"\" width=\"1700\" height=\"600\" data-id=\"1325523\" \/>_________________________________________________________________________________________________________<\/p>\n<h3>Gesang &amp; Leadgitarre \u2013 Wolfgang Uhlich<\/h3>\n<p><img loading=\"lazy\" decoding=\"async\" src=\"https:\/\/direstrats.com\/wp-content\/uploads\/2018\/06\/Button_Wolleee.jpg\" alt=\"\" width=\"302\" height=\"433\" data-id=\"3553\" \/><br \/>\nWolfgang Uhlich ist der Bandgr\u00fcnder der dIRE sTRATS. Seit dem ersten Gehversuch an der Gitarre mit 14 Jahren, waren erst Ritchie Blackmore und sp\u00e4ter durch \u201eSultans of swing\u201c Mark Knopfler die gro\u00dfen Idole. Nicht wissend, wie man mit einem Plektrum umgeht, wurde mit den Fingerkuppen gespielt, bis die Finger wund waren. Nach mehreren Bandprojekten sollte 2004 die Zeit reif sein, f\u00fcr die Umsetzung der Lieblingsmusik.<br \/>\nThomas Fiebig war als Musiker Nr. 1 bereits gesetzt, da sich Thomas und Wolfgang bereits aus einer Rock\u2019n\u2019Roll Band her kannten.<br \/>\nDie Suche nach weiteren Musikern erwies sich als sehr schwierig. In einer Zeit, in der Tributebands noch weit weniger gefragt waren, wurde das Projekt eher als (wortw\u00f6rtlich) Todgeburt angesehen. Die akquirierten Musiker sagten zu und teils am Tag der 1. Probe wieder ab.<br \/>\nBis zu dem Probetermin, an dem sich die 4 Leidensgenossen trafen, die bis 2020 zusammen spielten (Fiebig, Gernhoff, Spencer, Uhlich). Erst nach einigen Proben konnte mit Lars Leminski ein Keyboarder gefunden werden. Diese Besetzung hat 6 wunderbare Jahre zusammen gespielt. 2011 wurde Lars durch Tobi Blattmann ersetzt.<br \/>\nViele sch\u00f6ne Jahre sp\u00e4ter verlie\u00df Peter Spencer die Band. Wolfgang \u00fcbernahm den Posten des S\u00e4ngers und vereinigte so das Singen und Spielen wie es von Mark Knopfler bekannt ist. Als neuer Schlagzeuger kam Olaf Satzer hinzu, der bereits seit 2007 unregelm\u00e4\u00dfig hinter dem sTRATS Schlagzeug sa\u00df.<br \/>\nAls weiterer Gitarrist kam Wolfgangs fr\u00fcherer Gitarrenlehrer und Mentor Matthias Strass zur Band. F\u00fcr Jens wurde die neue Position des Percussionisten geschaffen.<br \/>\nWolfgang spielt in der Regel mit Fingerkuppen, wie es auch Knopfler betreibt \u2013 so kann man dem Stil sehr nahe kommen. Auch das Equipment \u00e4hnelt dem Knopflers. Wolfgangs goldene Regel lautet: \u201eSpielen im Sinne des Originals und der Musik\u201c. Diese Spielweise beschert ihm im In- und Ausland gro\u00dfe Anerkennung.<\/p>\n<h3>Bass \u2013 Thomas Fiebig<\/h3>\n<p><img loading=\"lazy\" decoding=\"async\" src=\"https:\/\/direstrats.com\/wp-content\/uploads\/2021\/06\/Thomas.jpg\" alt=\"\" width=\"333\" height=\"500\" data-id=\"1325542\" \/><br \/>\nDer gro\u00dfe Mann am gro\u00dfen Bass. Aber auch Thomas Fiebig war einmal klein. Mit zarten 17 Jahren begehrte Thomas die Stelle des Gitarristen in einer Sch\u00fclerband, wie so oft zu der Zeit waren die Gitarristenstellen l\u00e4ngst besetzt \u2013 die Bassistenstelle war jedoch unbeliebt und damit unbesetzt \u2013 posen vor den M\u00e4dels ging seinerzeit wirklich mit fast jedem Instrument, nur nicht mit dem Bass \u2013 die meisten Leute wussten und wissen bis heute \u00fcberhaupt nicht wie dieser klingt und wozu er gut sein soll\u2026(Thomas sagt hier gerne: Bass ist die Verbindung zwischen Krach (Drums) und Musik (der k\u00fcnstlerische Rest)\u2026und in Ermangelung von Bandalternativen nahm Thomas den Job des Bassisten an. Diesen ehrbaren Weg verfolgte er die n\u00e4chsten Jahrzehnte und spielte sich so \u00fcber verschiedenste musikalische Stationen wie \u201eEigenkompositions-Rock-Band\u201c, Hardrockband, Rock\u2019n\u2019Roll-Band, inklusive Kontrabass und der dazugeh\u00f6rigen Turneinlagen, \u00fcber Top 40 und Tanzcombo hin zu einem gefragten Bassisten in der Bremerhavener Musikszene. Im Jahr 2000 suchte seine damalige Rock\u2019n\u2019Roll Band einen neuen Gitarristen und engagierte Wolfgang \u2013 die Empfehlung und auch Warnung vom Vermittler war klar und eindeutig:<br \/>\nZitat: \u201eDer Wolfgang ist zwar noch sehr jung, aber er spielt schon \u201eganz ordentlich\u201c \u2013 allerdings spielt der auch immer so\u2019n \u201eKnopflerzeug\u201c \u2013 das m\u00fcsst ihr ihm mal austreiben!\u201c. Dieser Satz stammt (der Legende nach) von Matthias Strass, der 2021 als Gitarrist in die Band einsteigt.<br \/>\nWohin das Ganze als Ergebnis f\u00fchrte, d\u00fcrfte jedem Fan von den dIREsTRATS inzwischen klar sein\u2026<br \/>\nNach dem Ende der Rock\u2019n\u2019Roll-Band befand Wolfgang, das es nunmehr Zeit war, die dIREsTRATS als Tributeband zu gr\u00fcnden \u2013 Thomas zierte sich f\u00fcr die Dauer von einigen Wochen ein wenig \u2013 zu guter Letzt lie\u00df er sich aber von Wolfgang per Ultimatum ganz locker \u00fcberzeugen. Dieses Ultimatum gab es im Jahr 2021 erneut, als Wolfgang beschloss zu singen. \u201eDu Thomas, ich sing jetzt, zwar nicht sch\u00f6n, aber laut\u2026 machst du mit?\u201c.<br \/>\nInzwischen kann sich Thomas\u00a0ein Dasein ohne die sTRATS gar nicht mehr vorstellen.<\/p>\n<h3>Keyboards \u2013 Tobi Blattmann<\/h3>\n<p><img loading=\"lazy\" decoding=\"async\" src=\"https:\/\/direstrats.com\/wp-content\/uploads\/2021\/06\/Tobi3.jpg\" alt=\"\" width=\"492\" height=\"413\" data-id=\"1325547\" \/><br \/>\nTobi Blattmann \u00fcbernimmt seit M\u00e4rz 2011 den Part an den Keyboards ein und ist eine gro\u00dfe Bereicherung f\u00fcr die dIREsTRATS, die Band hat sich aufgrund von Tobi musikalisch ungemein weiterentwickelt.<br \/>\nMan m\u00fcsste meinen, Tobi spiele mit H\u00e4nden, F\u00fc\u00dfen und der Nase zugleich, um all die verschiedenen Keyboard- und Piano-Parts realisieren zu k\u00f6nnen. Nach dem Motto: \u201eAlles Live\u201c \u2013 und mit Zutun seines gro\u00dfen Talentes, ist es dIRE sTRATS m\u00f6glich, die schwierigen Keyboard- und insbesondere Pianoparts im Sinne des Originals umzusetzen.<br \/>\nTobi ist in fast allen Musikstilen zu Hause. Aus Freiburg im Breisgau stammend, zog er 1988 nach Hamburg um am Hamburger Konservatorium sein Musikstudium auf Orgel und Klavier zu absolvieren. Auch nach bestandenem Diplom 1993 hielt es ihn weiter im Norden, wo er seitdem als freischaffender Musiker und Musiklehrer arbeitet. Seit 2011 ist Tobi bei den sTRATS.<\/p>\n<h3><\/h3>\n<h3>Gitarre \u2013 Matthias Strass<\/h3>\n<p align=\"justify\"><img loading=\"lazy\" decoding=\"async\" src=\"https:\/\/direstrats.com\/wp-content\/uploads\/2021\/06\/Matthias-1.jpg\" alt=\"\" width=\"333\" height=\"500\" data-id=\"1325537\" \/><\/p>\n<p>Matthias\u2019 musikalischer Werdegang ist durch und durch professionell. Die erste Zeit seines Erwachsenseins agiert er als Gitarrist f\u00fcr Bands und Theater sowie als Studiobetreiber in Bremerhaven.<br \/>\nIm Jahr 2002 zog er nach Hamburg. Dem Theater ist er, in ann\u00e4hernd 100 verschiedenen Produktionen von der Klassik bis Rock, treu geblieben und spielt in fast allen Hamburger Musicals.<br \/>\nAuch f\u00fcr Fernseh-\u00a0 und H\u00f6rspiel \u2013 Produktionen spielt und komponiert er.<br \/>\nSeit 2002 ist er auch Dozent f\u00fcr den Kontaktstudiengang Popularmusik an der Hochschule f\u00fcr Musik und Theater in Hamburg, den er 1998 selber absolviert hat.<br \/>\nNun fragt man sich, warum jemand mit einer solchen Vita den Sprung zur\u00fcck nach Bremerhaven als Gitarrist zu den dIRE sTRATS macht. Matthias kennt die Band und seine Mitstreiter.<br \/>\nEs muss im Jahr 2000 gewesen sein, als der junge Wolfgang f\u00fcr eine kurze Zeit bei Matthias Gitarrenunterricht nahm. Matthias besorgte Wolfgang eine Band, in der \u2013 ja, der Kreis schlie\u00dft sich \u2013 Thomas Fiebig spielte.<br \/>\n2021 st\u00f6\u00dft Matthias zusammen mit Olaf Satzer, den er bereits aus der Schulzeit kennt und seit dem viele gemeinsame Konzerte gab, zu den dIRE sTRATS. Eine neue Band mit Gesichtern, die sich untereinander bereits gut kennen.<\/p>\n<h3 style=\"text-align: left;\">Schlagzeug \u2013 Olaf Satzer<\/h3>\n<p><img loading=\"lazy\" decoding=\"async\" src=\"https:\/\/direstrats.com\/wp-content\/uploads\/2021\/06\/Olaf-1.jpg\" alt=\"\" width=\"333\" height=\"500\" data-id=\"1325536\" \/><br \/>\nOlaf ist ein professioneller Schlagzeuger durch und durch. Seine Verbindung zu den sTRATS geht bis in das Jahr 2007 zur\u00fcck. Seit dem vertrat er Jens am Drumset mehrfach. Daher war klar: Sollte irgendwann in dieser Band ein Schlagzeuger ben\u00f6tigt werden, so musste es Olaf sein!<br \/>\nSeit 2021 \u00fcbernimmt Olaf die Position des Schlagzeugers und wertet mit seinem Zutun die Band abermals auf. Unser guter Jens geht uns aber nicht verloren \u2013 er \u00fcbernimmt die neu geschaffene Position des Percussionisten und bildet somit mit Olaf eine Einheit.<br \/>\nOlaf ist Ur-Bremerhavener. In der Szene ist er vor allem bekannt als Schlagzeuger des Stadttheaters, f\u00fcr das er seit 20 Jahren aktiv ist. Als professioneller Musiker unterrichtet er zudem das Instrument Schlagzeug an einer Musikschule und hat auch mehrere Lehrwerke ver\u00f6ffentlicht.<br \/>\nOlafs Einstieg in die Band geht einher mit dem Einstieg von Matthias Strass, mit dem Olaf zusammen die Schulbank dr\u00fcckte. Der Kreis schlie\u00dft sich auch an dieser Stelle.<\/p>\n<h3>Percussion \u2013 Jens Gernhoff<\/h3>\n<p align=\"justify\"><img loading=\"lazy\" decoding=\"async\" src=\"https:\/\/direstrats.com\/wp-content\/uploads\/2021\/06\/Jens2.jpg\" alt=\"\" width=\"333\" height=\"500\" data-id=\"1325549\" \/>K\u00f6nig Zufall sorgt 2003 f\u00fcr einen Ausfall des Gitarristen von Jens damaliger Schlager-Band. Als Vertretung steht Wolfgang auf der B\u00fchne. Dieses Kennenlernen sollte einer der Grundsteine f\u00fcr dIRE sTRATS werden.<\/p>\n<p>Jens Gernhoff ist seit jeher Schlagzeuger und Booker in diversen Bands gewesen und lie\u00df sich 2004 in seiner eigenen K\u00fcche von Wolfgang zu seinem Gl\u00fcck dr\u00e4ngen. Der legend\u00e4re Satz \u201eDen Booker mach ich aber nicht\u201c hat ihm nie wirklich jemand geglaubt. Zum Gl\u00fcck f\u00fcr die Band \u2013 denn die tiefe Stimme aus dem Telefon bewirkt viel!<br \/>\nHat die Band Backstage ein Problem, schallt aus dem Hintergrund diese tiefe Stimme mit dem Satz \u201eIch mach das schon, ihr wollt Essen, ihr wollt Wein, wie w\u00e4r\u2019s mit Weibern, Drogen, Rock\u2019n\u2019roll, ich bin gleich wieder da\u201c&#8230; Er ist zudem f\u00fcr den Humor der Band zust\u00e4ndig, den man nicht immer ganz ernst nehmen darf. Ohne ihn ist es tr\u00fcbe.<br \/>\nAuch Jens hat die Coronakrise erreicht. Im Rahmen der Umstrukturierung der dIRE sTRATS 2020\/2021 orientiert sich Jens vom Schlagzeug hin zu den vielen Instrumenten, die er als Percussionist bedient. Von Becken und Congas \u00fcber den Schellenkranz hin zur Triangel \u2013 dieser Job er\u00f6ffnet der Band ein neues Klangspektrum.<br \/>\nSelbstverst\u00e4ndlich bleibt Jens als singender und schlagzeugspielender Private investigator erhalten. Denn das kann niemand besser als er!<br \/>\nZu seinem Schlagzeugspiel l\u00e4sst sich sagen: Mit Schuhen spielen kann jeder \u2013 aber fragt ihn, wie man es ohne Schuhwerk anstellt!<\/p>","protected":false},"excerpt":{"rendered":"<p>_________________________________________________________________________________________________________ Gesang &amp; Leadgitarre \u2013 Wolfgang Uhlich Wolfgang Uhlich ist der Bandgr\u00fcnder der dIRE sTRATS. Seit dem ersten Gehversuch an der Gitarre mit 14 Jahren, waren erst Ritchie Blackmore und sp\u00e4ter durch \u201eSultans of swing\u201c Mark Knopfler die gro\u00dfen Idole. Nicht wissend, wie man mit einem Plektrum umgeht, wurde mit den Fingerkuppen gespielt, bis die&#8230;<\/p>\n","protected":false},"author":7,"featured_media":0,"parent":0,"menu_order":0,"comment_status":"closed","ping_status":"closed","template":"","meta":{"ngg_post_thumbnail":0,"footnotes":""},"class_list":["post-43","page","type-page","status-publish","hentry"],"yoast_head":"<!-- This site is optimized with the Yoast SEO plugin v27.2 - https:\/\/yoast.com\/product\/yoast-seo-wordpress\/ -->\n<title>dIRE sTRATS - Band - Direstrats<\/title>\n<meta name=\"robots\" content=\"index, follow, max-snippet:-1, max-image-preview:large, max-video-preview:-1\" \/>\n<link rel=\"canonical\" href=\"https:\/\/direstrats.com\/band\/\" \/>\n<meta property=\"og:locale\" content=\"en_US\" \/>\n<meta property=\"og:type\" content=\"article\" \/>\n<meta property=\"og:title\" content=\"dIRE sTRATS - Band - Direstrats\" \/>\n<meta property=\"og:description\" content=\"_________________________________________________________________________________________________________ Gesang &amp; Leadgitarre \u2013 Wolfgang Uhlich Wolfgang Uhlich ist der Bandgr\u00fcnder der dIRE sTRATS. Seit dem ersten Gehversuch an der Gitarre mit 14 Jahren, waren erst Ritchie Blackmore und sp\u00e4ter durch \u201eSultans of swing\u201c Mark Knopfler die gro\u00dfen Idole. Nicht wissend, wie man mit einem Plektrum umgeht, wurde mit den Fingerkuppen gespielt, bis die...\" \/>\n<meta property=\"og:url\" content=\"https:\/\/direstrats.com\/band\/\" \/>\n<meta property=\"og:site_name\" content=\"Direstrats\" \/>\n<meta property=\"article:publisher\" content=\"https:\/\/www.facebook.com\/share\/1JaH96mvPW\/?mibextid=wwXIfr\" \/>\n<meta property=\"article:modified_time\" content=\"2023-02-15T14:18:42+00:00\" \/>\n<meta property=\"og:image\" content=\"https:\/\/direstrats.com\/wp-content\/uploads\/2017\/06\/2023_dIRE_sTRATS_Festung_Koblenz_scaled.jpg\" \/>\n<meta name=\"twitter:card\" content=\"summary_large_image\" \/>\n<meta name=\"twitter:label1\" content=\"Est. reading time\" \/>\n\t<meta name=\"twitter:data1\" content=\"18 minutes\" \/>\n<script type=\"application\/ld+json\" class=\"yoast-schema-graph\">{\"@context\":\"https:\/\/schema.org\",\"@graph\":[{\"@type\":\"WebPage\",\"@id\":\"https:\/\/direstrats.com\/band\/\",\"url\":\"https:\/\/direstrats.com\/band\/\",\"name\":\"dIRE sTRATS - Band - Direstrats\",\"isPartOf\":{\"@id\":\"https:\/\/direstrats.com\/#website\"},\"primaryImageOfPage\":{\"@id\":\"https:\/\/direstrats.com\/band\/#primaryimage\"},\"image\":{\"@id\":\"https:\/\/direstrats.com\/band\/#primaryimage\"},\"thumbnailUrl\":\"https:\/\/direstrats.com\/wp-content\/uploads\/2017\/06\/2023_dIRE_sTRATS_Festung_Koblenz_scaled.jpg\",\"datePublished\":\"2018-04-18T15:20:09+00:00\",\"dateModified\":\"2023-02-15T14:18:42+00:00\",\"breadcrumb\":{\"@id\":\"https:\/\/direstrats.com\/band\/#breadcrumb\"},\"inLanguage\":\"en-US\",\"potentialAction\":[{\"@type\":\"ReadAction\",\"target\":[\"https:\/\/direstrats.com\/band\/\"]}]},{\"@type\":\"ImageObject\",\"inLanguage\":\"en-US\",\"@id\":\"https:\/\/direstrats.com\/band\/#primaryimage\",\"url\":\"https:\/\/direstrats.com\/wp-content\/uploads\/2017\/06\/2023_dIRE_sTRATS_Festung_Koblenz_scaled.jpg\",\"contentUrl\":\"https:\/\/direstrats.com\/wp-content\/uploads\/2017\/06\/2023_dIRE_sTRATS_Festung_Koblenz_scaled.jpg\"},{\"@type\":\"BreadcrumbList\",\"@id\":\"https:\/\/direstrats.com\/band\/#breadcrumb\",\"itemListElement\":[{\"@type\":\"ListItem\",\"position\":1,\"name\":\"Startseite\",\"item\":\"https:\/\/direstrats.com\/\"},{\"@type\":\"ListItem\",\"position\":2,\"name\":\"dIRE sTRATS &#8211; Band\"}]},{\"@type\":\"WebSite\",\"@id\":\"https:\/\/direstrats.com\/#website\",\"url\":\"https:\/\/direstrats.com\/\",\"name\":\"Direstrats\",\"description\":\"\",\"publisher\":{\"@id\":\"https:\/\/direstrats.com\/#organization\"},\"potentialAction\":[{\"@type\":\"SearchAction\",\"target\":{\"@type\":\"EntryPoint\",\"urlTemplate\":\"https:\/\/direstrats.com\/?s={search_term_string}\"},\"query-input\":{\"@type\":\"PropertyValueSpecification\",\"valueRequired\":true,\"valueName\":\"search_term_string\"}}],\"inLanguage\":\"en-US\"},{\"@type\":\"Organization\",\"@id\":\"https:\/\/direstrats.com\/#organization\",\"name\":\"Direstrats\",\"url\":\"https:\/\/direstrats.com\/\",\"logo\":{\"@type\":\"ImageObject\",\"inLanguage\":\"en-US\",\"@id\":\"https:\/\/direstrats.com\/#\/schema\/logo\/image\/\",\"url\":\"https:\/\/direstrats.com\/wp-content\/uploads\/2025\/12\/dIREsTRATS_logo_star-1024x768.png\",\"contentUrl\":\"https:\/\/direstrats.com\/wp-content\/uploads\/2025\/12\/dIREsTRATS_logo_star-1024x768.png\",\"width\":1024,\"height\":768,\"caption\":\"Direstrats\"},\"image\":{\"@id\":\"https:\/\/direstrats.com\/#\/schema\/logo\/image\/\"},\"sameAs\":[\"https:\/\/www.facebook.com\/share\/1JaH96mvPW\/?mibextid=wwXIfr\"]}]}<\/script>\n<!-- \/ Yoast SEO plugin. -->","yoast_head_json":{"title":"dIRE sTRATS - Band - Direstrats","robots":{"index":"index","follow":"follow","max-snippet":"max-snippet:-1","max-image-preview":"max-image-preview:large","max-video-preview":"max-video-preview:-1"},"canonical":"https:\/\/direstrats.com\/band\/","og_locale":"en_US","og_type":"article","og_title":"dIRE sTRATS - Band - Direstrats","og_description":"_________________________________________________________________________________________________________ Gesang &amp; Leadgitarre \u2013 Wolfgang Uhlich Wolfgang Uhlich ist der Bandgr\u00fcnder der dIRE sTRATS. Seit dem ersten Gehversuch an der Gitarre mit 14 Jahren, waren erst Ritchie Blackmore und sp\u00e4ter durch \u201eSultans of swing\u201c Mark Knopfler die gro\u00dfen Idole. Nicht wissend, wie man mit einem Plektrum umgeht, wurde mit den Fingerkuppen gespielt, bis die...","og_url":"https:\/\/direstrats.com\/band\/","og_site_name":"Direstrats","article_publisher":"https:\/\/www.facebook.com\/share\/1JaH96mvPW\/?mibextid=wwXIfr","article_modified_time":"2023-02-15T14:18:42+00:00","og_image":[{"url":"https:\/\/direstrats.com\/wp-content\/uploads\/2017\/06\/2023_dIRE_sTRATS_Festung_Koblenz_scaled.jpg","type":"","width":"","height":""}],"twitter_card":"summary_large_image","twitter_misc":{"Est. reading time":"18 minutes"},"schema":{"@context":"https:\/\/schema.org","@graph":[{"@type":"WebPage","@id":"https:\/\/direstrats.com\/band\/","url":"https:\/\/direstrats.com\/band\/","name":"dIRE sTRATS - Band - Direstrats","isPartOf":{"@id":"https:\/\/direstrats.com\/#website"},"primaryImageOfPage":{"@id":"https:\/\/direstrats.com\/band\/#primaryimage"},"image":{"@id":"https:\/\/direstrats.com\/band\/#primaryimage"},"thumbnailUrl":"https:\/\/direstrats.com\/wp-content\/uploads\/2017\/06\/2023_dIRE_sTRATS_Festung_Koblenz_scaled.jpg","datePublished":"2018-04-18T15:20:09+00:00","dateModified":"2023-02-15T14:18:42+00:00","breadcrumb":{"@id":"https:\/\/direstrats.com\/band\/#breadcrumb"},"inLanguage":"en-US","potentialAction":[{"@type":"ReadAction","target":["https:\/\/direstrats.com\/band\/"]}]},{"@type":"ImageObject","inLanguage":"en-US","@id":"https:\/\/direstrats.com\/band\/#primaryimage","url":"https:\/\/direstrats.com\/wp-content\/uploads\/2017\/06\/2023_dIRE_sTRATS_Festung_Koblenz_scaled.jpg","contentUrl":"https:\/\/direstrats.com\/wp-content\/uploads\/2017\/06\/2023_dIRE_sTRATS_Festung_Koblenz_scaled.jpg"},{"@type":"BreadcrumbList","@id":"https:\/\/direstrats.com\/band\/#breadcrumb","itemListElement":[{"@type":"ListItem","position":1,"name":"Startseite","item":"https:\/\/direstrats.com\/"},{"@type":"ListItem","position":2,"name":"dIRE sTRATS &#8211; Band"}]},{"@type":"WebSite","@id":"https:\/\/direstrats.com\/#website","url":"https:\/\/direstrats.com\/","name":"Direstrats","description":"","publisher":{"@id":"https:\/\/direstrats.com\/#organization"},"potentialAction":[{"@type":"SearchAction","target":{"@type":"EntryPoint","urlTemplate":"https:\/\/direstrats.com\/?s={search_term_string}"},"query-input":{"@type":"PropertyValueSpecification","valueRequired":true,"valueName":"search_term_string"}}],"inLanguage":"en-US"},{"@type":"Organization","@id":"https:\/\/direstrats.com\/#organization","name":"Direstrats","url":"https:\/\/direstrats.com\/","logo":{"@type":"ImageObject","inLanguage":"en-US","@id":"https:\/\/direstrats.com\/#\/schema\/logo\/image\/","url":"https:\/\/direstrats.com\/wp-content\/uploads\/2025\/12\/dIREsTRATS_logo_star-1024x768.png","contentUrl":"https:\/\/direstrats.com\/wp-content\/uploads\/2025\/12\/dIREsTRATS_logo_star-1024x768.png","width":1024,"height":768,"caption":"Direstrats"},"image":{"@id":"https:\/\/direstrats.com\/#\/schema\/logo\/image\/"},"sameAs":["https:\/\/www.facebook.com\/share\/1JaH96mvPW\/?mibextid=wwXIfr"]}]}},"jetpack_sharing_enabled":true,"_links":{"self":[{"href":"https:\/\/direstrats.com\/en\/wp-json\/wp\/v2\/pages\/43","targetHints":{"allow":["GET"]}}],"collection":[{"href":"https:\/\/direstrats.com\/en\/wp-json\/wp\/v2\/pages"}],"about":[{"href":"https:\/\/direstrats.com\/en\/wp-json\/wp\/v2\/types\/page"}],"author":[{"embeddable":true,"href":"https:\/\/direstrats.com\/en\/wp-json\/wp\/v2\/users\/7"}],"replies":[{"embeddable":true,"href":"https:\/\/direstrats.com\/en\/wp-json\/wp\/v2\/comments?post=43"}],"version-history":[{"count":51,"href":"https:\/\/direstrats.com\/en\/wp-json\/wp\/v2\/pages\/43\/revisions"}],"predecessor-version":[{"id":1327732,"href":"https:\/\/direstrats.com\/en\/wp-json\/wp\/v2\/pages\/43\/revisions\/1327732"}],"wp:attachment":[{"href":"https:\/\/direstrats.com\/en\/wp-json\/wp\/v2\/media?parent=43"}],"curies":[{"name":"wp","href":"https:\/\/api.w.org\/{rel}","templated":true}]}}