{"id":3450,"date":"2018-06-26T08:13:46","date_gmt":"2018-06-26T08:13:46","guid":{"rendered":"http:\/\/direstrats.com\/?page_id=3450"},"modified":"2019-04-25T09:08:31","modified_gmt":"2019-04-25T07:08:31","slug":"dire-strats-band-jens-gernhoff","status":"publish","type":"page","link":"https:\/\/direstrats.com\/en\/band\/dire-strats-band-jens-gernhoff\/","title":{"rendered":"dIRE sTRATS &#8211; Band &#8211; Jens Gernhoff"},"content":{"rendered":"<p>&nbsp;<br \/>\n<figure id=\"attachment_3711\" aria-describedby=\"caption-attachment-3711\" style=\"width: 125px\" class=\"wp-caption alignleft\"><a href=\"https:\/\/direstrats.com\/band\/dire-strats-band-wolfgang-uhlich\/\"><img loading=\"lazy\" decoding=\"async\" class=\"wp-image-3711\" src=\"https:\/\/direstrats.com\/wp-content\/uploads\/2018\/07\/sw_Button_Wolleee.jpg\" alt=\"Wolfgang Uhlich* direstrats\" width=\"125\" height=\"180\" data-id=\"3711\" srcset=\"https:\/\/direstrats.com\/wp-content\/uploads\/2018\/07\/sw_Button_Wolleee.jpg 250w, https:\/\/direstrats.com\/wp-content\/uploads\/2018\/07\/sw_Button_Wolleee-208x300.jpg 208w\" sizes=\"auto, (max-width: 125px) 100vw, 125px\" \/><\/a><figcaption id=\"caption-attachment-3711\" class=\"wp-caption-text\"><a href=\"https:\/\/direstrats.com\/band\/dire-strats-band-wolfgang-uhlich\/\">Wolfgang Uhlich<\/a><\/figcaption><\/figure><\/p>\n<figure id=\"attachment_3707\" aria-describedby=\"caption-attachment-3707\" style=\"width: 125px\" class=\"wp-caption alignleft\"><a href=\"https:\/\/direstrats.com\/band\/dire-strats-band-jens-gernhoff\/\"><img loading=\"lazy\" decoding=\"async\" class=\"wp-image-3707\" src=\"https:\/\/direstrats.com\/wp-content\/uploads\/2018\/07\/sw_Button_Jens_newRED_Frame.jpg\" alt=\"Jens Gernhoff* direstrats\" width=\"125\" height=\"180\" data-id=\"3707\" \/><\/a><figcaption id=\"caption-attachment-3707\" class=\"wp-caption-text\"><a href=\"https:\/\/direstrats.com\/band\/dire-strats-band-jens-gernhoff\/\">Jens Gernhoff<\/a><\/figcaption><\/figure>\n<figure id=\"attachment_3708\" aria-describedby=\"caption-attachment-3708\" style=\"width: 125px\" class=\"wp-caption alignleft\"><a href=\"https:\/\/direstrats.com\/band\/dire-strats-band-peter-spencer\/\"><img loading=\"lazy\" decoding=\"async\" class=\"wp-image-3708\" src=\"https:\/\/direstrats.com\/wp-content\/uploads\/2018\/07\/sw_Button_Peter.jpg\" alt=\"Peter Spencer* direstrats\" width=\"125\" height=\"180\" data-id=\"3708\" srcset=\"https:\/\/direstrats.com\/wp-content\/uploads\/2018\/07\/sw_Button_Peter.jpg 250w, https:\/\/direstrats.com\/wp-content\/uploads\/2018\/07\/sw_Button_Peter-208x300.jpg 208w\" sizes=\"auto, (max-width: 125px) 100vw, 125px\" \/><\/a><figcaption id=\"caption-attachment-3708\" class=\"wp-caption-text\"><a href=\"https:\/\/direstrats.com\/band\/dire-strats-band-peter-spencer\/\">Peter Spencer<\/a><\/figcaption><\/figure>\n<figure id=\"attachment_3709\" aria-describedby=\"caption-attachment-3709\" style=\"width: 125px\" class=\"wp-caption alignleft\"><a href=\"https:\/\/direstrats.com\/band\/dire-strats-band-thomas-fiebig\/\"><img loading=\"lazy\" decoding=\"async\" class=\"wp-image-3709\" src=\"https:\/\/direstrats.com\/wp-content\/uploads\/2018\/07\/sw_Button_Thomy.jpg\" alt=\"Thomas Fiebig* direstrats\" width=\"125\" height=\"180\" data-id=\"3709\" srcset=\"https:\/\/direstrats.com\/wp-content\/uploads\/2018\/07\/sw_Button_Thomy.jpg 250w, https:\/\/direstrats.com\/wp-content\/uploads\/2018\/07\/sw_Button_Thomy-208x300.jpg 208w\" sizes=\"auto, (max-width: 125px) 100vw, 125px\" \/><\/a><figcaption id=\"caption-attachment-3709\" class=\"wp-caption-text\"><a href=\"https:\/\/direstrats.com\/band\/dire-strats-band-thomas-fiebig\/\">Thomas Fiebig<\/a><\/figcaption><\/figure>\n<figure id=\"attachment_3710\" aria-describedby=\"caption-attachment-3710\" style=\"width: 125px\" class=\"wp-caption alignleft\"><a href=\"https:\/\/direstrats.com\/band\/dire-strats-band-tobi-blattmann\/\"><img loading=\"lazy\" decoding=\"async\" class=\"wp-image-3710\" src=\"https:\/\/direstrats.com\/wp-content\/uploads\/2018\/07\/sw_Button_Tobi.jpg\" alt=\"Tobi Blattmann* direstrats\" width=\"125\" height=\"180\" data-id=\"3710\" srcset=\"https:\/\/direstrats.com\/wp-content\/uploads\/2018\/07\/sw_Button_Tobi.jpg 250w, https:\/\/direstrats.com\/wp-content\/uploads\/2018\/07\/sw_Button_Tobi-208x300.jpg 208w\" sizes=\"auto, (max-width: 125px) 100vw, 125px\" \/><\/a><figcaption id=\"caption-attachment-3710\" class=\"wp-caption-text\"><a href=\"https:\/\/direstrats.com\/band\/dire-strats-band-tobi-blattmann\/\">Tobi Blattmann<\/a><\/figcaption><\/figure>\n<p>_________________________________________________________________________________________________________<\/p>\n<h3>Schlagzeug &#8211; Jens Gernhoff<\/h3>\n<p>&nbsp;<\/p>\n<p class=\"Stil2\"><div tabindex=\"0\" class=\"cycloneslider cycloneslider-template-standard cycloneslider-width-responsive\" id=\"cycloneslider-jens-gernhoff-2\" style=\"max-width:960px\" > <div class=\"cycloneslider-slides cycle-slideshow\" data-cycle-allow-wrap=\"true\" data-cycle-dynamic-height=\"off\" data-cycle-auto-height=\"960:600\" data-cycle-auto-height-easing=\"null\" data-cycle-auto-height-speed=\"250\" data-cycle-delay=\"0\" data-cycle-easing=\"\" data-cycle-fx=\"fade\" data-cycle-hide-non-active=\"true\" data-cycle-log=\"false\" data-cycle-next=\"#cycloneslider-jens-gernhoff-2 .cycloneslider-next\" data-cycle-pager=\"#cycloneslider-jens-gernhoff-2 .cycloneslider-pager\" data-cycle-pause-on-hover=\"true\" data-cycle-prev=\"#cycloneslider-jens-gernhoff-2 .cycloneslider-prev\" data-cycle-slides=\"&gt; div\" data-cycle-speed=\"1000\" data-cycle-swipe=\"1\" data-cycle-tile-count=\"7\" data-cycle-tile-delay=\"100\" data-cycle-tile-vertical=\"true\" data-cycle-timeout=\"4000\" > <div class=\"cycloneslider-slide cycloneslider-slide-image\" > <img decoding=\"async\" src=\"https:\/\/direstrats.com\/wp-content\/uploads\/2018\/06\/2012_Koblenz2_Jens2-960x600.jpg\" alt=\"\" title=\"\" \/> <\/div> <div class=\"cycloneslider-slide cycloneslider-slide-image\" > <img decoding=\"async\" src=\"https:\/\/direstrats.com\/wp-content\/uploads\/2018\/04\/1-Jens-380x333-960x600.jpg\" alt=\"\" title=\"\" \/> <\/div> <\/div> <div class=\"cycloneslider-pager\"><\/div> <a href=\"#\" class=\"cycloneslider-prev\"> <span class=\"arrow\"><\/span> <\/a> <a href=\"#\" class=\"cycloneslider-next\"> <span class=\"arrow\"><\/span> <\/a> <\/div><\/p>\n<p class=\"Stil2\">K\u00f6nig Zufall sorgt 2003 f\u00fcr einen Ausfall des Gitarristen von Jens damaliger Band. Als Vertretung steht Wolfgang auf der B\u00fchne. Dieses Kennenlernen sollte einer der Grundsteine f\u00fcr dIRE sTRATS werden.<\/p>\n<p class=\"Stil2\">Jens Gernhoff ist seit jeher Schlagzeuger und Booker in diversen Bands gewesen und lie\u00df sich 2004 in seiner eigenen K\u00fcche von Wolfgang zu seinem Gl\u00fcck dr\u00e4ngen. Der legend\u00e4re Satz &#8220;Den Booker mach ich aber nicht&#8221; hat ihm nie wirklich jemand geglaubt. Zum Gl\u00fcck f\u00fcr die Band &#8211; denn die tiefe Stimme aus dem Telefon bewirkt viel!<\/p>\n<p class=\"Stil2\">Zu seinem Schlagzeugspiel l\u00e4sst sich sagen: Mit Schuhen spielen kann jeder &#8211; aber fragt ihn, wie man es ohne Schuhwerk anstellt!<\/p>\n<p>&nbsp;<\/p>","protected":false},"excerpt":{"rendered":"<p>&nbsp; _________________________________________________________________________________________________________ Schlagzeug &#8211; Jens Gernhoff &nbsp; K\u00f6nig Zufall sorgt 2003 f\u00fcr einen Ausfall des Gitarristen von Jens damaliger Band. Als Vertretung steht Wolfgang auf der B\u00fchne. Dieses Kennenlernen sollte einer der Grundsteine f\u00fcr dIRE sTRATS werden. Jens Gernhoff ist seit jeher Schlagzeuger und Booker in diversen Bands gewesen und lie\u00df sich 2004 in seiner&#8230;<\/p>\n","protected":false},"author":7,"featured_media":0,"parent":43,"menu_order":0,"comment_status":"closed","ping_status":"closed","template":"","meta":{"ngg_post_thumbnail":0,"footnotes":""},"class_list":["post-3450","page","type-page","status-publish","hentry"],"yoast_head":"<!-- This site is optimized with the Yoast SEO plugin v27.2 - https:\/\/yoast.com\/product\/yoast-seo-wordpress\/ -->\n<title>dIRE sTRATS - Band - Jens Gernhoff - Direstrats<\/title>\n<meta name=\"robots\" content=\"index, follow, max-snippet:-1, max-image-preview:large, max-video-preview:-1\" \/>\n<link rel=\"canonical\" href=\"https:\/\/direstrats.com\/band\/dire-strats-band-jens-gernhoff\/\" \/>\n<meta property=\"og:locale\" content=\"en_US\" \/>\n<meta property=\"og:type\" content=\"article\" \/>\n<meta property=\"og:title\" content=\"dIRE sTRATS - Band - Jens Gernhoff - Direstrats\" \/>\n<meta property=\"og:description\" content=\"&nbsp; _________________________________________________________________________________________________________ Schlagzeug &#8211; Jens Gernhoff &nbsp; K\u00f6nig Zufall sorgt 2003 f\u00fcr einen Ausfall des Gitarristen von Jens damaliger Band. Als Vertretung steht Wolfgang auf der B\u00fchne. Dieses Kennenlernen sollte einer der Grundsteine f\u00fcr dIRE sTRATS werden. Jens Gernhoff ist seit jeher Schlagzeuger und Booker in diversen Bands gewesen und lie\u00df sich 2004 in seiner...\" \/>\n<meta property=\"og:url\" content=\"https:\/\/direstrats.com\/band\/dire-strats-band-jens-gernhoff\/\" \/>\n<meta property=\"og:site_name\" content=\"Direstrats\" \/>\n<meta property=\"article:publisher\" content=\"https:\/\/www.facebook.com\/share\/1JaH96mvPW\/?mibextid=wwXIfr\" \/>\n<meta property=\"article:modified_time\" content=\"2019-04-25T07:08:31+00:00\" \/>\n<meta property=\"og:image\" content=\"https:\/\/direstrats.com\/wp-content\/uploads\/2018\/07\/sw_Button_Wolleee.jpg\" \/>\n<meta name=\"twitter:card\" content=\"summary_large_image\" \/>\n<meta name=\"twitter:label1\" content=\"Est. reading time\" \/>\n\t<meta name=\"twitter:data1\" content=\"2 minutes\" \/>\n<script type=\"application\/ld+json\" class=\"yoast-schema-graph\">{\"@context\":\"https:\/\/schema.org\",\"@graph\":[{\"@type\":\"WebPage\",\"@id\":\"https:\/\/direstrats.com\/band\/dire-strats-band-jens-gernhoff\/\",\"url\":\"https:\/\/direstrats.com\/band\/dire-strats-band-jens-gernhoff\/\",\"name\":\"dIRE sTRATS - Band - Jens Gernhoff - Direstrats\",\"isPartOf\":{\"@id\":\"https:\/\/direstrats.com\/#website\"},\"primaryImageOfPage\":{\"@id\":\"https:\/\/direstrats.com\/band\/dire-strats-band-jens-gernhoff\/#primaryimage\"},\"image\":{\"@id\":\"https:\/\/direstrats.com\/band\/dire-strats-band-jens-gernhoff\/#primaryimage\"},\"thumbnailUrl\":\"https:\/\/direstrats.com\/wp-content\/uploads\/2018\/07\/sw_Button_Wolleee.jpg\",\"datePublished\":\"2018-06-26T08:13:46+00:00\",\"dateModified\":\"2019-04-25T07:08:31+00:00\",\"breadcrumb\":{\"@id\":\"https:\/\/direstrats.com\/band\/dire-strats-band-jens-gernhoff\/#breadcrumb\"},\"inLanguage\":\"en-US\",\"potentialAction\":[{\"@type\":\"ReadAction\",\"target\":[\"https:\/\/direstrats.com\/band\/dire-strats-band-jens-gernhoff\/\"]}]},{\"@type\":\"ImageObject\",\"inLanguage\":\"en-US\",\"@id\":\"https:\/\/direstrats.com\/band\/dire-strats-band-jens-gernhoff\/#primaryimage\",\"url\":\"https:\/\/direstrats.com\/wp-content\/uploads\/2018\/07\/sw_Button_Wolleee.jpg\",\"contentUrl\":\"https:\/\/direstrats.com\/wp-content\/uploads\/2018\/07\/sw_Button_Wolleee.jpg\"},{\"@type\":\"BreadcrumbList\",\"@id\":\"https:\/\/direstrats.com\/band\/dire-strats-band-jens-gernhoff\/#breadcrumb\",\"itemListElement\":[{\"@type\":\"ListItem\",\"position\":1,\"name\":\"Startseite\",\"item\":\"https:\/\/direstrats.com\/\"},{\"@type\":\"ListItem\",\"position\":2,\"name\":\"dIRE sTRATS &#8211; Band\",\"item\":\"https:\/\/direstrats.com\/band\/\"},{\"@type\":\"ListItem\",\"position\":3,\"name\":\"dIRE sTRATS &#8211; Band &#8211; Jens Gernhoff\"}]},{\"@type\":\"WebSite\",\"@id\":\"https:\/\/direstrats.com\/#website\",\"url\":\"https:\/\/direstrats.com\/\",\"name\":\"Direstrats\",\"description\":\"\",\"publisher\":{\"@id\":\"https:\/\/direstrats.com\/#organization\"},\"potentialAction\":[{\"@type\":\"SearchAction\",\"target\":{\"@type\":\"EntryPoint\",\"urlTemplate\":\"https:\/\/direstrats.com\/?s={search_term_string}\"},\"query-input\":{\"@type\":\"PropertyValueSpecification\",\"valueRequired\":true,\"valueName\":\"search_term_string\"}}],\"inLanguage\":\"en-US\"},{\"@type\":\"Organization\",\"@id\":\"https:\/\/direstrats.com\/#organization\",\"name\":\"Direstrats\",\"url\":\"https:\/\/direstrats.com\/\",\"logo\":{\"@type\":\"ImageObject\",\"inLanguage\":\"en-US\",\"@id\":\"https:\/\/direstrats.com\/#\/schema\/logo\/image\/\",\"url\":\"https:\/\/direstrats.com\/wp-content\/uploads\/2025\/12\/dIREsTRATS_logo_star-1024x768.png\",\"contentUrl\":\"https:\/\/direstrats.com\/wp-content\/uploads\/2025\/12\/dIREsTRATS_logo_star-1024x768.png\",\"width\":1024,\"height\":768,\"caption\":\"Direstrats\"},\"image\":{\"@id\":\"https:\/\/direstrats.com\/#\/schema\/logo\/image\/\"},\"sameAs\":[\"https:\/\/www.facebook.com\/share\/1JaH96mvPW\/?mibextid=wwXIfr\"]}]}<\/script>\n<!-- \/ Yoast SEO plugin. -->","yoast_head_json":{"title":"dIRE sTRATS - Band - Jens Gernhoff - Direstrats","robots":{"index":"index","follow":"follow","max-snippet":"max-snippet:-1","max-image-preview":"max-image-preview:large","max-video-preview":"max-video-preview:-1"},"canonical":"https:\/\/direstrats.com\/band\/dire-strats-band-jens-gernhoff\/","og_locale":"en_US","og_type":"article","og_title":"dIRE sTRATS - Band - Jens Gernhoff - Direstrats","og_description":"&nbsp; _________________________________________________________________________________________________________ Schlagzeug &#8211; Jens Gernhoff &nbsp; K\u00f6nig Zufall sorgt 2003 f\u00fcr einen Ausfall des Gitarristen von Jens damaliger Band. Als Vertretung steht Wolfgang auf der B\u00fchne. Dieses Kennenlernen sollte einer der Grundsteine f\u00fcr dIRE sTRATS werden. Jens Gernhoff ist seit jeher Schlagzeuger und Booker in diversen Bands gewesen und lie\u00df sich 2004 in seiner...","og_url":"https:\/\/direstrats.com\/band\/dire-strats-band-jens-gernhoff\/","og_site_name":"Direstrats","article_publisher":"https:\/\/www.facebook.com\/share\/1JaH96mvPW\/?mibextid=wwXIfr","article_modified_time":"2019-04-25T07:08:31+00:00","og_image":[{"url":"https:\/\/direstrats.com\/wp-content\/uploads\/2018\/07\/sw_Button_Wolleee.jpg","type":"","width":"","height":""}],"twitter_card":"summary_large_image","twitter_misc":{"Est. reading time":"2 minutes"},"schema":{"@context":"https:\/\/schema.org","@graph":[{"@type":"WebPage","@id":"https:\/\/direstrats.com\/band\/dire-strats-band-jens-gernhoff\/","url":"https:\/\/direstrats.com\/band\/dire-strats-band-jens-gernhoff\/","name":"dIRE sTRATS - Band - Jens Gernhoff - Direstrats","isPartOf":{"@id":"https:\/\/direstrats.com\/#website"},"primaryImageOfPage":{"@id":"https:\/\/direstrats.com\/band\/dire-strats-band-jens-gernhoff\/#primaryimage"},"image":{"@id":"https:\/\/direstrats.com\/band\/dire-strats-band-jens-gernhoff\/#primaryimage"},"thumbnailUrl":"https:\/\/direstrats.com\/wp-content\/uploads\/2018\/07\/sw_Button_Wolleee.jpg","datePublished":"2018-06-26T08:13:46+00:00","dateModified":"2019-04-25T07:08:31+00:00","breadcrumb":{"@id":"https:\/\/direstrats.com\/band\/dire-strats-band-jens-gernhoff\/#breadcrumb"},"inLanguage":"en-US","potentialAction":[{"@type":"ReadAction","target":["https:\/\/direstrats.com\/band\/dire-strats-band-jens-gernhoff\/"]}]},{"@type":"ImageObject","inLanguage":"en-US","@id":"https:\/\/direstrats.com\/band\/dire-strats-band-jens-gernhoff\/#primaryimage","url":"https:\/\/direstrats.com\/wp-content\/uploads\/2018\/07\/sw_Button_Wolleee.jpg","contentUrl":"https:\/\/direstrats.com\/wp-content\/uploads\/2018\/07\/sw_Button_Wolleee.jpg"},{"@type":"BreadcrumbList","@id":"https:\/\/direstrats.com\/band\/dire-strats-band-jens-gernhoff\/#breadcrumb","itemListElement":[{"@type":"ListItem","position":1,"name":"Startseite","item":"https:\/\/direstrats.com\/"},{"@type":"ListItem","position":2,"name":"dIRE sTRATS &#8211; Band","item":"https:\/\/direstrats.com\/band\/"},{"@type":"ListItem","position":3,"name":"dIRE sTRATS &#8211; Band &#8211; Jens Gernhoff"}]},{"@type":"WebSite","@id":"https:\/\/direstrats.com\/#website","url":"https:\/\/direstrats.com\/","name":"Direstrats","description":"","publisher":{"@id":"https:\/\/direstrats.com\/#organization"},"potentialAction":[{"@type":"SearchAction","target":{"@type":"EntryPoint","urlTemplate":"https:\/\/direstrats.com\/?s={search_term_string}"},"query-input":{"@type":"PropertyValueSpecification","valueRequired":true,"valueName":"search_term_string"}}],"inLanguage":"en-US"},{"@type":"Organization","@id":"https:\/\/direstrats.com\/#organization","name":"Direstrats","url":"https:\/\/direstrats.com\/","logo":{"@type":"ImageObject","inLanguage":"en-US","@id":"https:\/\/direstrats.com\/#\/schema\/logo\/image\/","url":"https:\/\/direstrats.com\/wp-content\/uploads\/2025\/12\/dIREsTRATS_logo_star-1024x768.png","contentUrl":"https:\/\/direstrats.com\/wp-content\/uploads\/2025\/12\/dIREsTRATS_logo_star-1024x768.png","width":1024,"height":768,"caption":"Direstrats"},"image":{"@id":"https:\/\/direstrats.com\/#\/schema\/logo\/image\/"},"sameAs":["https:\/\/www.facebook.com\/share\/1JaH96mvPW\/?mibextid=wwXIfr"]}]}},"jetpack_sharing_enabled":true,"_links":{"self":[{"href":"https:\/\/direstrats.com\/en\/wp-json\/wp\/v2\/pages\/3450","targetHints":{"allow":["GET"]}}],"collection":[{"href":"https:\/\/direstrats.com\/en\/wp-json\/wp\/v2\/pages"}],"about":[{"href":"https:\/\/direstrats.com\/en\/wp-json\/wp\/v2\/types\/page"}],"author":[{"embeddable":true,"href":"https:\/\/direstrats.com\/en\/wp-json\/wp\/v2\/users\/7"}],"replies":[{"embeddable":true,"href":"https:\/\/direstrats.com\/en\/wp-json\/wp\/v2\/comments?post=3450"}],"version-history":[{"count":11,"href":"https:\/\/direstrats.com\/en\/wp-json\/wp\/v2\/pages\/3450\/revisions"}],"predecessor-version":[{"id":6270,"href":"https:\/\/direstrats.com\/en\/wp-json\/wp\/v2\/pages\/3450\/revisions\/6270"}],"up":[{"embeddable":true,"href":"https:\/\/direstrats.com\/en\/wp-json\/wp\/v2\/pages\/43"}],"wp:attachment":[{"href":"https:\/\/direstrats.com\/en\/wp-json\/wp\/v2\/media?parent=3450"}],"curies":[{"name":"wp","href":"https:\/\/api.w.org\/{rel}","templated":true}]}}