{"id":205,"date":"2018-04-30T14:14:26","date_gmt":"2018-04-30T14:14:26","guid":{"rendered":"https:\/\/ds.cheyenne-portal.de\/?page_id=205"},"modified":"2019-04-25T09:09:53","modified_gmt":"2019-04-25T07:09:53","slug":"dire-strats-band-tobi-blattmann","status":"publish","type":"page","link":"https:\/\/direstrats.com\/en\/band\/dire-strats-band-tobi-blattmann\/","title":{"rendered":"dIRE sTRATS &#8211; Band &#8211; Tobi Blattmann"},"content":{"rendered":"<p><figure id=\"attachment_3711\" aria-describedby=\"caption-attachment-3711\" style=\"width: 125px\" class=\"wp-caption alignleft\"><a href=\"https:\/\/direstrats.com\/band\/dire-strats-band-wolfgang-uhlich\/\"><img loading=\"lazy\" decoding=\"async\" class=\"wp-image-3711\" src=\"https:\/\/direstrats.com\/wp-content\/uploads\/2018\/07\/sw_Button_Wolleee.jpg\" alt=\"Wolfgang Uhlich* direstrats\" width=\"125\" height=\"180\" data-id=\"3711\" srcset=\"https:\/\/direstrats.com\/wp-content\/uploads\/2018\/07\/sw_Button_Wolleee.jpg 250w, https:\/\/direstrats.com\/wp-content\/uploads\/2018\/07\/sw_Button_Wolleee-208x300.jpg 208w\" sizes=\"auto, (max-width: 125px) 100vw, 125px\" \/><\/a><figcaption id=\"caption-attachment-3711\" class=\"wp-caption-text\"><a href=\"https:\/\/direstrats.com\/band\/dire-strats-band-wolfgang-uhlich\/\">Wolfgang Uhlich<\/a><\/figcaption><\/figure><\/p>\n<figure id=\"attachment_3707\" aria-describedby=\"caption-attachment-3707\" style=\"width: 125px\" class=\"wp-caption alignleft\"><a href=\"https:\/\/direstrats.com\/band\/dire-strats-band-jens-gernhoff\/\"><img loading=\"lazy\" decoding=\"async\" class=\"wp-image-3707\" src=\"https:\/\/direstrats.com\/wp-content\/uploads\/2018\/07\/sw_Button_Jens_newFrame.jpg\" alt=\"Jens Gernhoff* direstrats\" width=\"125\" height=\"180\" data-id=\"3707\" srcset=\"https:\/\/direstrats.com\/wp-content\/uploads\/2018\/07\/sw_Button_Jens_newFrame.jpg 250w, https:\/\/direstrats.com\/wp-content\/uploads\/2018\/07\/sw_Button_Jens_newFrame-208x300.jpg 208w\" sizes=\"auto, (max-width: 125px) 100vw, 125px\" \/><\/a><figcaption id=\"caption-attachment-3707\" class=\"wp-caption-text\"><a href=\"https:\/\/direstrats.com\/band\/dire-strats-band-jens-gernhoff\/\">Jens Gernhoff<\/a><\/figcaption><\/figure>\n<figure id=\"attachment_3708\" aria-describedby=\"caption-attachment-3708\" style=\"width: 125px\" class=\"wp-caption alignleft\"><a href=\"https:\/\/direstrats.com\/band\/dire-strats-band-peter-spencer\/\"><img loading=\"lazy\" decoding=\"async\" class=\"wp-image-3708\" src=\"https:\/\/direstrats.com\/wp-content\/uploads\/2018\/07\/sw_Button_Peter.jpg\" alt=\"Peter Spencer* direstrats\" width=\"125\" height=\"180\" data-id=\"3708\" srcset=\"https:\/\/direstrats.com\/wp-content\/uploads\/2018\/07\/sw_Button_Peter.jpg 250w, https:\/\/direstrats.com\/wp-content\/uploads\/2018\/07\/sw_Button_Peter-208x300.jpg 208w\" sizes=\"auto, (max-width: 125px) 100vw, 125px\" \/><\/a><figcaption id=\"caption-attachment-3708\" class=\"wp-caption-text\"><a href=\"https:\/\/direstrats.com\/band\/dire-strats-band-peter-spencer\/\">Peter Spencer<\/a><\/figcaption><\/figure>\n<figure id=\"attachment_3709\" aria-describedby=\"caption-attachment-3709\" style=\"width: 125px\" class=\"wp-caption alignleft\"><a href=\"https:\/\/direstrats.com\/band\/dire-strats-band-thomas-fiebig\/\"><img loading=\"lazy\" decoding=\"async\" class=\"wp-image-3709\" src=\"https:\/\/direstrats.com\/wp-content\/uploads\/2018\/07\/sw_Button_Thomy.jpg\" alt=\"Thomas Fiebig* direstrats\" width=\"125\" height=\"180\" data-id=\"3709\" srcset=\"https:\/\/direstrats.com\/wp-content\/uploads\/2018\/07\/sw_Button_Thomy.jpg 250w, https:\/\/direstrats.com\/wp-content\/uploads\/2018\/07\/sw_Button_Thomy-208x300.jpg 208w\" sizes=\"auto, (max-width: 125px) 100vw, 125px\" \/><\/a><figcaption id=\"caption-attachment-3709\" class=\"wp-caption-text\"><a href=\"https:\/\/direstrats.com\/band\/dire-strats-band-thomas-fiebig\/\">Thomas Fiebig<\/a><\/figcaption><\/figure>\n<figure id=\"attachment_3710\" aria-describedby=\"caption-attachment-3710\" style=\"width: 125px\" class=\"wp-caption alignleft\"><a href=\"https:\/\/direstrats.com\/band\/dire-strats-band-tobi-blattmann\/\"><img loading=\"lazy\" decoding=\"async\" class=\"wp-image-3710\" src=\"https:\/\/direstrats.com\/wp-content\/uploads\/2018\/07\/sw_Button_Tobi_newRED_Frame.jpg\" alt=\"Tobi Blattmann* direstrats\" width=\"125\" height=\"180\" data-id=\"3710\" \/><\/a><figcaption id=\"caption-attachment-3710\" class=\"wp-caption-text\"><a href=\"https:\/\/direstrats.com\/band\/dire-strats-band-tobi-blattmann\/\">Tobi Blattmann<\/a><\/figcaption><\/figure>\n<p>_________________________________________________________________________________________________________<\/p>\n<h3>Keyboards &#8211; Tobi Blattmann<\/h3>\n<p>&nbsp;<\/p>\n<p class=\"Stil2\"><div tabindex=\"0\" class=\"cycloneslider cycloneslider-template-standard cycloneslider-width-responsive\" id=\"cycloneslider-tobi_blattmann-2\" style=\"max-width:960px\" > <div class=\"cycloneslider-slides cycle-slideshow\" data-cycle-allow-wrap=\"true\" data-cycle-dynamic-height=\"off\" data-cycle-auto-height=\"960:600\" data-cycle-auto-height-easing=\"null\" data-cycle-auto-height-speed=\"250\" data-cycle-delay=\"0\" data-cycle-easing=\"\" data-cycle-fx=\"fade\" data-cycle-hide-non-active=\"true\" data-cycle-log=\"false\" data-cycle-next=\"#cycloneslider-tobi_blattmann-2 .cycloneslider-next\" data-cycle-pager=\"#cycloneslider-tobi_blattmann-2 .cycloneslider-pager\" data-cycle-pause-on-hover=\"true\" data-cycle-prev=\"#cycloneslider-tobi_blattmann-2 .cycloneslider-prev\" data-cycle-slides=\"&gt; div\" data-cycle-speed=\"1000\" data-cycle-swipe=\"1\" data-cycle-tile-count=\"7\" data-cycle-tile-delay=\"100\" data-cycle-tile-vertical=\"true\" data-cycle-timeout=\"4000\" > <div class=\"cycloneslider-slide cycloneslider-slide-image\" > <img decoding=\"async\" src=\"https:\/\/direstrats.com\/wp-content\/uploads\/2018\/06\/2011_Malchow_Tobi1-960x600.jpg\" alt=\"\" title=\"\" \/> <\/div> <div class=\"cycloneslider-slide cycloneslider-slide-image\" > <img decoding=\"async\" src=\"https:\/\/direstrats.com\/wp-content\/uploads\/2018\/06\/2012_Rosenheim_Tobi7-960x600.jpg\" alt=\"\" title=\"\" \/> <\/div> <\/div> <div class=\"cycloneslider-pager\"><\/div> <a href=\"#\" class=\"cycloneslider-prev\"> <span class=\"arrow\"><\/span> <\/a> <a href=\"#\" class=\"cycloneslider-next\"> <span class=\"arrow\"><\/span> <\/a> <\/div><\/p>\n<p class=\"Stil2\">Tobi Blattmann \u00fcbernimmt seit M\u00e4rz 2011 den Part an den Keyboards ein und ist eine gro\u00dfe Bereicherung f\u00fcr die dIREsTRATS, die Band hat sich aufgrund von Tobi musikalisch ungemein weiterentwickelt.<\/p>\n<p class=\"Stil2\">Man m\u00fcsste meinen, Tobi spiele mit H\u00e4nden, F\u00fc\u00dfen und der Nase zugleich, um all die verschiedenen Keyboard- und Piano-Parts realisieren zu k\u00f6nnen. Nach dem Motto: &#8220;Alles Live&#8221; &#8211; und mit Zutun seines gro\u00dfen Talentes, ist es dIRE sTRATS m\u00f6glich, die schwierigen Keyboard- und insbesondere Pianoparts im Sinne des Originals umzusetzen.<\/p>\n<p class=\"Stil2\">Tobi ist in fast allen Musikstilen zu Hause. Aus Freiburg im Breisgau stammend, zog er 1988 nach Hamburg um am Hamburger Konservatorium sein Musikstudium auf Orgel und Klavier zu absolvieren. Auch nach bestandenem Diplom 1993 hielt es ihn weiter im Norden, wo er seitdem als freischaffender Musiker und Musiklehrer arbeitet.<\/p>\n<p>&nbsp;<\/p>","protected":false},"excerpt":{"rendered":"<p>_________________________________________________________________________________________________________ Keyboards &#8211; Tobi Blattmann &nbsp; Tobi Blattmann \u00fcbernimmt seit M\u00e4rz 2011 den Part an den Keyboards ein und ist eine gro\u00dfe Bereicherung f\u00fcr die dIREsTRATS, die Band hat sich aufgrund von Tobi musikalisch ungemein weiterentwickelt. Man m\u00fcsste meinen, Tobi spiele mit H\u00e4nden, F\u00fc\u00dfen und der Nase zugleich, um all die verschiedenen Keyboard- und Piano-Parts&#8230;<\/p>\n","protected":false},"author":7,"featured_media":0,"parent":43,"menu_order":0,"comment_status":"closed","ping_status":"closed","template":"","meta":{"ngg_post_thumbnail":0,"footnotes":""},"class_list":["post-205","page","type-page","status-publish","hentry"],"yoast_head":"<!-- This site is optimized with the Yoast SEO plugin v27.2 - https:\/\/yoast.com\/product\/yoast-seo-wordpress\/ -->\n<title>dIRE sTRATS - Band - Tobi Blattmann - Direstrats<\/title>\n<meta name=\"robots\" content=\"index, follow, max-snippet:-1, max-image-preview:large, max-video-preview:-1\" \/>\n<link rel=\"canonical\" href=\"https:\/\/direstrats.com\/band\/dire-strats-band-tobi-blattmann\/\" \/>\n<meta property=\"og:locale\" content=\"en_US\" \/>\n<meta property=\"og:type\" content=\"article\" \/>\n<meta property=\"og:title\" content=\"dIRE sTRATS - Band - Tobi Blattmann - Direstrats\" \/>\n<meta property=\"og:description\" content=\"_________________________________________________________________________________________________________ Keyboards &#8211; Tobi Blattmann &nbsp; Tobi Blattmann \u00fcbernimmt seit M\u00e4rz 2011 den Part an den Keyboards ein und ist eine gro\u00dfe Bereicherung f\u00fcr die dIREsTRATS, die Band hat sich aufgrund von Tobi musikalisch ungemein weiterentwickelt. Man m\u00fcsste meinen, Tobi spiele mit H\u00e4nden, F\u00fc\u00dfen und der Nase zugleich, um all die verschiedenen Keyboard- und Piano-Parts...\" \/>\n<meta property=\"og:url\" content=\"https:\/\/direstrats.com\/band\/dire-strats-band-tobi-blattmann\/\" \/>\n<meta property=\"og:site_name\" content=\"Direstrats\" \/>\n<meta property=\"article:publisher\" content=\"https:\/\/www.facebook.com\/share\/1JaH96mvPW\/?mibextid=wwXIfr\" \/>\n<meta property=\"article:modified_time\" content=\"2019-04-25T07:09:53+00:00\" \/>\n<meta property=\"og:image\" content=\"https:\/\/direstrats.com\/wp-content\/uploads\/2018\/07\/sw_Button_Wolleee.jpg\" \/>\n<meta name=\"twitter:card\" content=\"summary_large_image\" \/>\n<meta name=\"twitter:label1\" content=\"Est. reading time\" \/>\n\t<meta name=\"twitter:data1\" content=\"2 minutes\" \/>\n<script type=\"application\/ld+json\" class=\"yoast-schema-graph\">{\"@context\":\"https:\/\/schema.org\",\"@graph\":[{\"@type\":\"WebPage\",\"@id\":\"https:\/\/direstrats.com\/band\/dire-strats-band-tobi-blattmann\/\",\"url\":\"https:\/\/direstrats.com\/band\/dire-strats-band-tobi-blattmann\/\",\"name\":\"dIRE sTRATS - Band - Tobi Blattmann - Direstrats\",\"isPartOf\":{\"@id\":\"https:\/\/direstrats.com\/#website\"},\"primaryImageOfPage\":{\"@id\":\"https:\/\/direstrats.com\/band\/dire-strats-band-tobi-blattmann\/#primaryimage\"},\"image\":{\"@id\":\"https:\/\/direstrats.com\/band\/dire-strats-band-tobi-blattmann\/#primaryimage\"},\"thumbnailUrl\":\"https:\/\/direstrats.com\/wp-content\/uploads\/2018\/07\/sw_Button_Wolleee.jpg\",\"datePublished\":\"2018-04-30T14:14:26+00:00\",\"dateModified\":\"2019-04-25T07:09:53+00:00\",\"breadcrumb\":{\"@id\":\"https:\/\/direstrats.com\/band\/dire-strats-band-tobi-blattmann\/#breadcrumb\"},\"inLanguage\":\"en-US\",\"potentialAction\":[{\"@type\":\"ReadAction\",\"target\":[\"https:\/\/direstrats.com\/band\/dire-strats-band-tobi-blattmann\/\"]}]},{\"@type\":\"ImageObject\",\"inLanguage\":\"en-US\",\"@id\":\"https:\/\/direstrats.com\/band\/dire-strats-band-tobi-blattmann\/#primaryimage\",\"url\":\"https:\/\/direstrats.com\/wp-content\/uploads\/2018\/07\/sw_Button_Wolleee.jpg\",\"contentUrl\":\"https:\/\/direstrats.com\/wp-content\/uploads\/2018\/07\/sw_Button_Wolleee.jpg\"},{\"@type\":\"BreadcrumbList\",\"@id\":\"https:\/\/direstrats.com\/band\/dire-strats-band-tobi-blattmann\/#breadcrumb\",\"itemListElement\":[{\"@type\":\"ListItem\",\"position\":1,\"name\":\"Startseite\",\"item\":\"https:\/\/direstrats.com\/\"},{\"@type\":\"ListItem\",\"position\":2,\"name\":\"dIRE sTRATS &#8211; Band\",\"item\":\"https:\/\/direstrats.com\/band\/\"},{\"@type\":\"ListItem\",\"position\":3,\"name\":\"dIRE sTRATS &#8211; Band &#8211; Tobi Blattmann\"}]},{\"@type\":\"WebSite\",\"@id\":\"https:\/\/direstrats.com\/#website\",\"url\":\"https:\/\/direstrats.com\/\",\"name\":\"Direstrats\",\"description\":\"\",\"publisher\":{\"@id\":\"https:\/\/direstrats.com\/#organization\"},\"potentialAction\":[{\"@type\":\"SearchAction\",\"target\":{\"@type\":\"EntryPoint\",\"urlTemplate\":\"https:\/\/direstrats.com\/?s={search_term_string}\"},\"query-input\":{\"@type\":\"PropertyValueSpecification\",\"valueRequired\":true,\"valueName\":\"search_term_string\"}}],\"inLanguage\":\"en-US\"},{\"@type\":\"Organization\",\"@id\":\"https:\/\/direstrats.com\/#organization\",\"name\":\"Direstrats\",\"url\":\"https:\/\/direstrats.com\/\",\"logo\":{\"@type\":\"ImageObject\",\"inLanguage\":\"en-US\",\"@id\":\"https:\/\/direstrats.com\/#\/schema\/logo\/image\/\",\"url\":\"https:\/\/direstrats.com\/wp-content\/uploads\/2025\/12\/dIREsTRATS_logo_star-1024x768.png\",\"contentUrl\":\"https:\/\/direstrats.com\/wp-content\/uploads\/2025\/12\/dIREsTRATS_logo_star-1024x768.png\",\"width\":1024,\"height\":768,\"caption\":\"Direstrats\"},\"image\":{\"@id\":\"https:\/\/direstrats.com\/#\/schema\/logo\/image\/\"},\"sameAs\":[\"https:\/\/www.facebook.com\/share\/1JaH96mvPW\/?mibextid=wwXIfr\"]}]}<\/script>\n<!-- \/ Yoast SEO plugin. -->","yoast_head_json":{"title":"dIRE sTRATS - Band - Tobi Blattmann - Direstrats","robots":{"index":"index","follow":"follow","max-snippet":"max-snippet:-1","max-image-preview":"max-image-preview:large","max-video-preview":"max-video-preview:-1"},"canonical":"https:\/\/direstrats.com\/band\/dire-strats-band-tobi-blattmann\/","og_locale":"en_US","og_type":"article","og_title":"dIRE sTRATS - Band - Tobi Blattmann - Direstrats","og_description":"_________________________________________________________________________________________________________ Keyboards &#8211; Tobi Blattmann &nbsp; Tobi Blattmann \u00fcbernimmt seit M\u00e4rz 2011 den Part an den Keyboards ein und ist eine gro\u00dfe Bereicherung f\u00fcr die dIREsTRATS, die Band hat sich aufgrund von Tobi musikalisch ungemein weiterentwickelt. Man m\u00fcsste meinen, Tobi spiele mit H\u00e4nden, F\u00fc\u00dfen und der Nase zugleich, um all die verschiedenen Keyboard- und Piano-Parts...","og_url":"https:\/\/direstrats.com\/band\/dire-strats-band-tobi-blattmann\/","og_site_name":"Direstrats","article_publisher":"https:\/\/www.facebook.com\/share\/1JaH96mvPW\/?mibextid=wwXIfr","article_modified_time":"2019-04-25T07:09:53+00:00","og_image":[{"url":"https:\/\/direstrats.com\/wp-content\/uploads\/2018\/07\/sw_Button_Wolleee.jpg","type":"","width":"","height":""}],"twitter_card":"summary_large_image","twitter_misc":{"Est. reading time":"2 minutes"},"schema":{"@context":"https:\/\/schema.org","@graph":[{"@type":"WebPage","@id":"https:\/\/direstrats.com\/band\/dire-strats-band-tobi-blattmann\/","url":"https:\/\/direstrats.com\/band\/dire-strats-band-tobi-blattmann\/","name":"dIRE sTRATS - Band - Tobi Blattmann - Direstrats","isPartOf":{"@id":"https:\/\/direstrats.com\/#website"},"primaryImageOfPage":{"@id":"https:\/\/direstrats.com\/band\/dire-strats-band-tobi-blattmann\/#primaryimage"},"image":{"@id":"https:\/\/direstrats.com\/band\/dire-strats-band-tobi-blattmann\/#primaryimage"},"thumbnailUrl":"https:\/\/direstrats.com\/wp-content\/uploads\/2018\/07\/sw_Button_Wolleee.jpg","datePublished":"2018-04-30T14:14:26+00:00","dateModified":"2019-04-25T07:09:53+00:00","breadcrumb":{"@id":"https:\/\/direstrats.com\/band\/dire-strats-band-tobi-blattmann\/#breadcrumb"},"inLanguage":"en-US","potentialAction":[{"@type":"ReadAction","target":["https:\/\/direstrats.com\/band\/dire-strats-band-tobi-blattmann\/"]}]},{"@type":"ImageObject","inLanguage":"en-US","@id":"https:\/\/direstrats.com\/band\/dire-strats-band-tobi-blattmann\/#primaryimage","url":"https:\/\/direstrats.com\/wp-content\/uploads\/2018\/07\/sw_Button_Wolleee.jpg","contentUrl":"https:\/\/direstrats.com\/wp-content\/uploads\/2018\/07\/sw_Button_Wolleee.jpg"},{"@type":"BreadcrumbList","@id":"https:\/\/direstrats.com\/band\/dire-strats-band-tobi-blattmann\/#breadcrumb","itemListElement":[{"@type":"ListItem","position":1,"name":"Startseite","item":"https:\/\/direstrats.com\/"},{"@type":"ListItem","position":2,"name":"dIRE sTRATS &#8211; Band","item":"https:\/\/direstrats.com\/band\/"},{"@type":"ListItem","position":3,"name":"dIRE sTRATS &#8211; Band &#8211; Tobi Blattmann"}]},{"@type":"WebSite","@id":"https:\/\/direstrats.com\/#website","url":"https:\/\/direstrats.com\/","name":"Direstrats","description":"","publisher":{"@id":"https:\/\/direstrats.com\/#organization"},"potentialAction":[{"@type":"SearchAction","target":{"@type":"EntryPoint","urlTemplate":"https:\/\/direstrats.com\/?s={search_term_string}"},"query-input":{"@type":"PropertyValueSpecification","valueRequired":true,"valueName":"search_term_string"}}],"inLanguage":"en-US"},{"@type":"Organization","@id":"https:\/\/direstrats.com\/#organization","name":"Direstrats","url":"https:\/\/direstrats.com\/","logo":{"@type":"ImageObject","inLanguage":"en-US","@id":"https:\/\/direstrats.com\/#\/schema\/logo\/image\/","url":"https:\/\/direstrats.com\/wp-content\/uploads\/2025\/12\/dIREsTRATS_logo_star-1024x768.png","contentUrl":"https:\/\/direstrats.com\/wp-content\/uploads\/2025\/12\/dIREsTRATS_logo_star-1024x768.png","width":1024,"height":768,"caption":"Direstrats"},"image":{"@id":"https:\/\/direstrats.com\/#\/schema\/logo\/image\/"},"sameAs":["https:\/\/www.facebook.com\/share\/1JaH96mvPW\/?mibextid=wwXIfr"]}]}},"jetpack_sharing_enabled":true,"_links":{"self":[{"href":"https:\/\/direstrats.com\/en\/wp-json\/wp\/v2\/pages\/205","targetHints":{"allow":["GET"]}}],"collection":[{"href":"https:\/\/direstrats.com\/en\/wp-json\/wp\/v2\/pages"}],"about":[{"href":"https:\/\/direstrats.com\/en\/wp-json\/wp\/v2\/types\/page"}],"author":[{"embeddable":true,"href":"https:\/\/direstrats.com\/en\/wp-json\/wp\/v2\/users\/7"}],"replies":[{"embeddable":true,"href":"https:\/\/direstrats.com\/en\/wp-json\/wp\/v2\/comments?post=205"}],"version-history":[{"count":15,"href":"https:\/\/direstrats.com\/en\/wp-json\/wp\/v2\/pages\/205\/revisions"}],"predecessor-version":[{"id":6273,"href":"https:\/\/direstrats.com\/en\/wp-json\/wp\/v2\/pages\/205\/revisions\/6273"}],"up":[{"embeddable":true,"href":"https:\/\/direstrats.com\/en\/wp-json\/wp\/v2\/pages\/43"}],"wp:attachment":[{"href":"https:\/\/direstrats.com\/en\/wp-json\/wp\/v2\/media?parent=205"}],"curies":[{"name":"wp","href":"https:\/\/api.w.org\/{rel}","templated":true}]}}