{"id":203,"date":"2018-04-30T14:13:37","date_gmt":"2018-04-30T14:13:37","guid":{"rendered":"https:\/\/ds.cheyenne-portal.de\/?page_id=203"},"modified":"2018-08-16T06:53:37","modified_gmt":"2018-08-16T04:53:37","slug":"dire-strats-band-thomas-fiebig","status":"publish","type":"page","link":"https:\/\/direstrats.com\/en\/band\/dire-strats-band-thomas-fiebig\/","title":{"rendered":"dIRE sTRATS &#8211; Band &#8211; Thomas Fiebig"},"content":{"rendered":"<p><figure id=\"attachment_3711\" aria-describedby=\"caption-attachment-3711\" style=\"width: 125px\" class=\"wp-caption alignleft\"><a href=\"https:\/\/direstrats.com\/band\/dire-strats-band-wolfgang-uhlich\/\"><img loading=\"lazy\" decoding=\"async\" class=\"wp-image-3711\" src=\"https:\/\/direstrats.com\/wp-content\/uploads\/2018\/07\/sw_Button_Wolleee.jpg\" alt=\"Wolfgang Uhlich* direstrats\" width=\"125\" height=\"180\" data-id=\"3711\" srcset=\"https:\/\/direstrats.com\/wp-content\/uploads\/2018\/07\/sw_Button_Wolleee.jpg 250w, https:\/\/direstrats.com\/wp-content\/uploads\/2018\/07\/sw_Button_Wolleee-208x300.jpg 208w\" sizes=\"auto, (max-width: 125px) 100vw, 125px\" \/><\/a><figcaption id=\"caption-attachment-3711\" class=\"wp-caption-text\"><a href=\"https:\/\/direstrats.com\/band\/dire-strats-band-wolfgang-uhlich\/\">Wolfgang Uhlich<\/a><\/figcaption><\/figure><\/p>\n<figure id=\"attachment_3707\" aria-describedby=\"caption-attachment-3707\" style=\"width: 125px\" class=\"wp-caption alignleft\"><a href=\"https:\/\/direstrats.com\/band\/dire-strats-band-jens-gernhoff\/\"><img loading=\"lazy\" decoding=\"async\" class=\"wp-image-3707\" src=\"https:\/\/direstrats.com\/wp-content\/uploads\/2018\/07\/sw_Button_Jens_newFrame.jpg\" alt=\"Jens Gernhoff* direstrats\" width=\"125\" height=\"180\" data-id=\"3707\" srcset=\"https:\/\/direstrats.com\/wp-content\/uploads\/2018\/07\/sw_Button_Jens_newFrame.jpg 250w, https:\/\/direstrats.com\/wp-content\/uploads\/2018\/07\/sw_Button_Jens_newFrame-208x300.jpg 208w\" sizes=\"auto, (max-width: 125px) 100vw, 125px\" \/><\/a><figcaption id=\"caption-attachment-3707\" class=\"wp-caption-text\"><a href=\"https:\/\/direstrats.com\/band\/dire-strats-band-jens-gernhoff\/\">Jens Gernhoff<\/a><\/figcaption><\/figure>\n<figure id=\"attachment_3708\" aria-describedby=\"caption-attachment-3708\" style=\"width: 125px\" class=\"wp-caption alignleft\"><a href=\"https:\/\/direstrats.com\/band\/dire-strats-band-peter-spencer\/\"><img loading=\"lazy\" decoding=\"async\" class=\"wp-image-3708\" src=\"https:\/\/direstrats.com\/wp-content\/uploads\/2018\/07\/sw_Button_Peter.jpg\" alt=\"Peter Spencer* direstrats\" width=\"125\" height=\"180\" data-id=\"3708\" srcset=\"https:\/\/direstrats.com\/wp-content\/uploads\/2018\/07\/sw_Button_Peter.jpg 250w, https:\/\/direstrats.com\/wp-content\/uploads\/2018\/07\/sw_Button_Peter-208x300.jpg 208w\" sizes=\"auto, (max-width: 125px) 100vw, 125px\" \/><\/a><figcaption id=\"caption-attachment-3708\" class=\"wp-caption-text\"><a href=\"https:\/\/direstrats.com\/band\/dire-strats-band-peter-spencer\/\">Peter Spencer<\/a><\/figcaption><\/figure>\n<figure id=\"attachment_3709\" aria-describedby=\"caption-attachment-3709\" style=\"width: 125px\" class=\"wp-caption alignleft\"><a href=\"https:\/\/direstrats.com\/band\/dire-strats-band-thomas-fiebig\/\"><img loading=\"lazy\" decoding=\"async\" class=\"wp-image-3709\" src=\"https:\/\/direstrats.com\/wp-content\/uploads\/2018\/07\/sw_Button_Thomy_newRED_Frame.jpg\" alt=\"Thomas Fiebig* direstrats\" width=\"125\" height=\"180\" data-id=\"3709\" \/><\/a><figcaption id=\"caption-attachment-3709\" class=\"wp-caption-text\"><a href=\"https:\/\/direstrats.com\/band\/dire-strats-band-thomas-fiebig\/\">Thomas Fiebig<\/a><\/figcaption><\/figure>\n<figure id=\"attachment_3710\" aria-describedby=\"caption-attachment-3710\" style=\"width: 125px\" class=\"wp-caption alignleft\"><a href=\"https:\/\/direstrats.com\/band\/dire-strats-band-tobi-blattmann\/\"><img loading=\"lazy\" decoding=\"async\" class=\"wp-image-3710\" src=\"https:\/\/direstrats.com\/wp-content\/uploads\/2018\/07\/sw_Button_Tobi.jpg\" alt=\"Tobi Blattmann* direstrats\" width=\"125\" height=\"180\" data-id=\"3710\" srcset=\"https:\/\/direstrats.com\/wp-content\/uploads\/2018\/07\/sw_Button_Tobi.jpg 250w, https:\/\/direstrats.com\/wp-content\/uploads\/2018\/07\/sw_Button_Tobi-208x300.jpg 208w\" sizes=\"auto, (max-width: 125px) 100vw, 125px\" \/><\/a><figcaption id=\"caption-attachment-3710\" class=\"wp-caption-text\"><a href=\"https:\/\/direstrats.com\/band\/dire-strats-band-tobi-blattmann\/\">Tobi Blattmann<\/a><\/figcaption><\/figure>\n<p>_________________________________________________________________________________________________________<\/p>\n<h3>Bass &#8211; Thomas Fiebig<\/h3>\n<div id=\"supsystic-slider-wrapper-2_25296\" class=\"supsystic-slider-wrapper\"> <div class=\"slider-sharing-top\"><\/div> <div id=\"supsystic-slider-2_25296\" class=\"supsystic-slider supsystic-slider-2 supsystic-slider-coin\" data-type=\"coin\" data-settings=\"{&quot;effects&quot;:{&quot;effect&quot;:&quot;straight&quot;,&quot;opacity&quot;:&quot;0.5&quot;,&quot;titleSpeed&quot;:&quot;500&quot;,&quot;delay&quot;:&quot;3000&quot;,&quot;hoverPause&quot;:&quot;true&quot;},&quot;controls&quot;:{&quot;navigation&quot;:&quot;true&quot;,&quot;links&quot;:&quot;true&quot;},&quot;properties&quot;:{&quot;width&quot;:&quot;730&quot;,&quot;height&quot;:&quot;450&quot;,&quot;position&quot;:&quot;center&quot;},&quot;post_settings&quot;:{&quot;title&quot;:&quot;true&quot;,&quot;date&quot;:&quot;true&quot;,&quot;excerpt&quot;:&quot;false&quot;,&quot;read_more&quot;:&quot;true&quot;},&quot;general&quot;:{&quot;responsive&quot;:&quot;true&quot;,&quot;captions&quot;:&quot;false&quot;},&quot;post&quot;:{&quot;caption_color&quot;:&quot;#fff&quot;,&quot;caption_bg&quot;:&quot;rgba(0, 0, 0, 1)&quot;},&quot;caption&quot;:{&quot;font-size&quot;:&quot;14&quot;,&quot;text-align&quot;:&quot;auto&quot;,&quot;font-family&quot;:&quot;Open Sans&quot;,&quot;background-color-hex&quot;:&quot;#000000&quot;,&quot;inTop&quot;:&quot;false&quot;},&quot;socialSharing&quot;:{&quot;status&quot;:&quot;disable&quot;,&quot;pluginInstalled&quot;:false,&quot;projectsList&quot;:[],&quot;html&quot;:&quot;&quot;}}\" style=\"margin: 0 auto 5px; visibility: hidden;\" data-position=\"\"> <a class=\"slide\" data-id=\"1\" href=\"https:\/\/direstrats.com\/wp-content\/uploads\/2017\/07\/07_15_Bremerhaven_05.jpg\" > <img decoding=\"async\" src=\"https:\/\/direstrats.com\/wp-content\/uploads\/2017\/07\/07_15_Bremerhaven_05-730x450.jpg\" alt=\"\"> <\/a> <a class=\"slide\" data-id=\"2\" href=\"https:\/\/direstrats.com\/wp-content\/uploads\/2017\/08\/08_20_Fulda_03.jpg\" > <img decoding=\"async\" src=\"https:\/\/direstrats.com\/wp-content\/uploads\/2017\/08\/08_20_Fulda_03-730x450.jpg\" alt=\"\"> <\/a> <a class=\"slide\" data-id=\"3\" href=\"https:\/\/direstrats.com\/wp-content\/uploads\/2018\/04\/IMG_0477.jpg\" > <img decoding=\"async\" src=\"https:\/\/direstrats.com\/wp-content\/uploads\/2018\/04\/IMG_0477-730x450.jpg\" alt=\"\"> <\/a> <a class=\"slide\" data-id=\"4\" href=\"https:\/\/direstrats.com\/wp-content\/uploads\/2018\/08\/Thomy_Slider-2.jpg\" > <img decoding=\"async\" src=\"https:\/\/direstrats.com\/wp-content\/uploads\/2018\/08\/Thomy_Slider-2-730x450.jpg\" alt=\"\"> <\/a> <\/div> <div class=\"slider-sharing-bottom\"><\/div> <\/div>\n<h3 class=\"Stil5\">Der gro\u00dfe Mann&#8230;<\/h3>\n<p class=\"Stil5\">am gro\u00dfen roten, manchmal auch noch schwarzen Bass. Aber auch Thomas Fiebig war einmal klein. Mit zarten 17 Jahren begehrte Thomas die Stelle des Gitarristen in einer Sch\u00fclerband, wie so oft zu der Zeit waren die Gitarristenstellen l\u00e4ngst besetzt &#8211; die Bassistenstelle war jedoch unbeliebt und damit unbesetzt &#8211; posen vor den M\u00e4dels ging seinerzeit wirklich mit fast jedem Instrument, nur nicht mit &#8220;Bass&#8221; &#8211; die meisten Leute wu\u00dften und wissen bis heute \u00fcberhaupt nicht wie der klingt und wozu das gut sein soll&#8230;(Thomas sagt hier gerne: Bass ist die Verbindung zwischen Krach (Drums) und Musik (der k\u00fcnstlerische Rest \ud83d\ude42 )&#8230;und in Ermangelung von Bandalternativen nahm Thomas den Job des Bassisten an&#8230;nicht ohne einen Test: &#8220;Ey, kannst Du &#8220;Rock&#8217;n&#8217;Roll Gybsy&#8221; von Helen Schneider spielen?? &#8211; Klar Mann!&#8221; \ud83d\ude42 &#8230;das wars, seitdem geh\u00f6ren die dicken Dr\u00e4hte in Thomas Leben untrennbar dazu. Diesen ehrbaren Weg verfolgte er die n\u00e4chsten Jahre und arbeitete sich \u00fcber verschiedenste musikalischen Stationen von &#8220;Eigenkompositions-Rock-Band&#8221;, Hardrockband, Rock&#8217;n&#8217;Roll-Band inklusive Kontrabass und der dazugeh\u00f6rigen Turneinlagen \ud83d\ude42 \u00fcber Top 40 und Tanzcombo zu einem gefragten Bassisten in der Bremerhavener Musikszene hoch. Im Jahr 2000 suchte seine damalige Rock&#8217;n&#8217;Roll Band einen neuen Gitarristen und engagierte Wolfgang &#8211; die Empfehlung und auch Warnung vom Vermittler war klar und eindeutig:<\/p>\n<p>Zitat: &#8220;Der Wolfgang ist zwar noch sehr jung (17! Jahre), aber er spielt schon &#8220;ganz ordentlich&#8221; &#8211; allerdings spielt der auch immer so&#8217;n &#8220;Knopflerzeug&#8221; &#8211; das m\u00fc\u00dft ihr ihn mal austreiben &#8211;<\/p>\n<p>Wohin das als Ergebnis f\u00fchrte d\u00fcrfte jedem Fan von den dIREsTRATS inzwischen klar sein&#8230; \ud83d\ude42<\/p>\n<p>Nach dem Ende der Rock&#8217;n&#8217;Roll-Band im Jahre 2002 und einer zwei-j\u00e4hrigen musikalischen Irrfahrt in die Top 40 &#8211; Welt, befand Wolfgang das es nunmehr Zeit war, die dIREsTRATS als Tributeband zu gr\u00fcnden &#8211; Thomas zierte sich f\u00fcr die Dauer von einigen Monaten ein wenig &#8211; zu guter Letzt lie\u00df er sich aber von Wolfgang per Ultimatum ganz locker \u00fcberzeugen \ud83d\ude42 \ud83d\ude42 \ud83d\ude42<\/p>\n<p>Inzwischen kann Thomas sich schon seit \u00fcber 14 Jahren ein Dasein ohne die Strats gar nicht mehr vorstellen.<\/p>","protected":false},"excerpt":{"rendered":"<p>_________________________________________________________________________________________________________ Bass &#8211; Thomas Fiebig Der gro\u00dfe Mann&#8230; am gro\u00dfen roten, manchmal auch noch schwarzen Bass. Aber auch Thomas Fiebig war einmal klein. Mit zarten 17 Jahren begehrte Thomas die Stelle des Gitarristen in einer Sch\u00fclerband, wie so oft zu der Zeit waren die Gitarristenstellen l\u00e4ngst besetzt &#8211; die Bassistenstelle war jedoch unbeliebt und damit&#8230;<\/p>\n","protected":false},"author":7,"featured_media":0,"parent":43,"menu_order":0,"comment_status":"closed","ping_status":"closed","template":"","meta":{"ngg_post_thumbnail":0,"footnotes":""},"class_list":["post-203","page","type-page","status-publish","hentry"],"yoast_head":"<!-- This site is optimized with the Yoast SEO plugin v27.2 - https:\/\/yoast.com\/product\/yoast-seo-wordpress\/ -->\n<title>dIRE sTRATS - Band - Thomas Fiebig - Direstrats<\/title>\n<meta name=\"robots\" content=\"index, follow, max-snippet:-1, max-image-preview:large, max-video-preview:-1\" \/>\n<link rel=\"canonical\" href=\"https:\/\/direstrats.com\/band\/dire-strats-band-thomas-fiebig\/\" \/>\n<meta property=\"og:locale\" content=\"en_US\" \/>\n<meta property=\"og:type\" content=\"article\" \/>\n<meta property=\"og:title\" content=\"dIRE sTRATS - Band - Thomas Fiebig - Direstrats\" \/>\n<meta property=\"og:description\" content=\"_________________________________________________________________________________________________________ Bass &#8211; Thomas Fiebig Der gro\u00dfe Mann&#8230; am gro\u00dfen roten, manchmal auch noch schwarzen Bass. Aber auch Thomas Fiebig war einmal klein. Mit zarten 17 Jahren begehrte Thomas die Stelle des Gitarristen in einer Sch\u00fclerband, wie so oft zu der Zeit waren die Gitarristenstellen l\u00e4ngst besetzt &#8211; die Bassistenstelle war jedoch unbeliebt und damit...\" \/>\n<meta property=\"og:url\" content=\"https:\/\/direstrats.com\/band\/dire-strats-band-thomas-fiebig\/\" \/>\n<meta property=\"og:site_name\" content=\"Direstrats\" \/>\n<meta property=\"article:publisher\" content=\"https:\/\/www.facebook.com\/share\/1JaH96mvPW\/?mibextid=wwXIfr\" \/>\n<meta property=\"article:modified_time\" content=\"2018-08-16T04:53:37+00:00\" \/>\n<meta property=\"og:image\" content=\"https:\/\/direstrats.com\/wp-content\/uploads\/2018\/07\/sw_Button_Wolleee.jpg\" \/>\n<meta name=\"twitter:card\" content=\"summary_large_image\" \/>\n<meta name=\"twitter:label1\" content=\"Est. reading time\" \/>\n\t<meta name=\"twitter:data1\" content=\"4 minutes\" \/>\n<script type=\"application\/ld+json\" class=\"yoast-schema-graph\">{\"@context\":\"https:\/\/schema.org\",\"@graph\":[{\"@type\":\"WebPage\",\"@id\":\"https:\/\/direstrats.com\/band\/dire-strats-band-thomas-fiebig\/\",\"url\":\"https:\/\/direstrats.com\/band\/dire-strats-band-thomas-fiebig\/\",\"name\":\"dIRE sTRATS - Band - Thomas Fiebig - Direstrats\",\"isPartOf\":{\"@id\":\"https:\/\/direstrats.com\/#website\"},\"primaryImageOfPage\":{\"@id\":\"https:\/\/direstrats.com\/band\/dire-strats-band-thomas-fiebig\/#primaryimage\"},\"image\":{\"@id\":\"https:\/\/direstrats.com\/band\/dire-strats-band-thomas-fiebig\/#primaryimage\"},\"thumbnailUrl\":\"https:\/\/direstrats.com\/wp-content\/uploads\/2018\/07\/sw_Button_Wolleee.jpg\",\"datePublished\":\"2018-04-30T14:13:37+00:00\",\"dateModified\":\"2018-08-16T04:53:37+00:00\",\"breadcrumb\":{\"@id\":\"https:\/\/direstrats.com\/band\/dire-strats-band-thomas-fiebig\/#breadcrumb\"},\"inLanguage\":\"en-US\",\"potentialAction\":[{\"@type\":\"ReadAction\",\"target\":[\"https:\/\/direstrats.com\/band\/dire-strats-band-thomas-fiebig\/\"]}]},{\"@type\":\"ImageObject\",\"inLanguage\":\"en-US\",\"@id\":\"https:\/\/direstrats.com\/band\/dire-strats-band-thomas-fiebig\/#primaryimage\",\"url\":\"https:\/\/direstrats.com\/wp-content\/uploads\/2018\/07\/sw_Button_Wolleee.jpg\",\"contentUrl\":\"https:\/\/direstrats.com\/wp-content\/uploads\/2018\/07\/sw_Button_Wolleee.jpg\"},{\"@type\":\"BreadcrumbList\",\"@id\":\"https:\/\/direstrats.com\/band\/dire-strats-band-thomas-fiebig\/#breadcrumb\",\"itemListElement\":[{\"@type\":\"ListItem\",\"position\":1,\"name\":\"Startseite\",\"item\":\"https:\/\/direstrats.com\/\"},{\"@type\":\"ListItem\",\"position\":2,\"name\":\"dIRE sTRATS &#8211; Band\",\"item\":\"https:\/\/direstrats.com\/band\/\"},{\"@type\":\"ListItem\",\"position\":3,\"name\":\"dIRE sTRATS &#8211; Band &#8211; Thomas Fiebig\"}]},{\"@type\":\"WebSite\",\"@id\":\"https:\/\/direstrats.com\/#website\",\"url\":\"https:\/\/direstrats.com\/\",\"name\":\"Direstrats\",\"description\":\"\",\"publisher\":{\"@id\":\"https:\/\/direstrats.com\/#organization\"},\"potentialAction\":[{\"@type\":\"SearchAction\",\"target\":{\"@type\":\"EntryPoint\",\"urlTemplate\":\"https:\/\/direstrats.com\/?s={search_term_string}\"},\"query-input\":{\"@type\":\"PropertyValueSpecification\",\"valueRequired\":true,\"valueName\":\"search_term_string\"}}],\"inLanguage\":\"en-US\"},{\"@type\":\"Organization\",\"@id\":\"https:\/\/direstrats.com\/#organization\",\"name\":\"Direstrats\",\"url\":\"https:\/\/direstrats.com\/\",\"logo\":{\"@type\":\"ImageObject\",\"inLanguage\":\"en-US\",\"@id\":\"https:\/\/direstrats.com\/#\/schema\/logo\/image\/\",\"url\":\"https:\/\/direstrats.com\/wp-content\/uploads\/2025\/12\/dIREsTRATS_logo_star-1024x768.png\",\"contentUrl\":\"https:\/\/direstrats.com\/wp-content\/uploads\/2025\/12\/dIREsTRATS_logo_star-1024x768.png\",\"width\":1024,\"height\":768,\"caption\":\"Direstrats\"},\"image\":{\"@id\":\"https:\/\/direstrats.com\/#\/schema\/logo\/image\/\"},\"sameAs\":[\"https:\/\/www.facebook.com\/share\/1JaH96mvPW\/?mibextid=wwXIfr\"]}]}<\/script>\n<!-- \/ Yoast SEO plugin. -->","yoast_head_json":{"title":"dIRE sTRATS - Band - Thomas Fiebig - Direstrats","robots":{"index":"index","follow":"follow","max-snippet":"max-snippet:-1","max-image-preview":"max-image-preview:large","max-video-preview":"max-video-preview:-1"},"canonical":"https:\/\/direstrats.com\/band\/dire-strats-band-thomas-fiebig\/","og_locale":"en_US","og_type":"article","og_title":"dIRE sTRATS - Band - Thomas Fiebig - Direstrats","og_description":"_________________________________________________________________________________________________________ Bass &#8211; Thomas Fiebig Der gro\u00dfe Mann&#8230; am gro\u00dfen roten, manchmal auch noch schwarzen Bass. Aber auch Thomas Fiebig war einmal klein. Mit zarten 17 Jahren begehrte Thomas die Stelle des Gitarristen in einer Sch\u00fclerband, wie so oft zu der Zeit waren die Gitarristenstellen l\u00e4ngst besetzt &#8211; die Bassistenstelle war jedoch unbeliebt und damit...","og_url":"https:\/\/direstrats.com\/band\/dire-strats-band-thomas-fiebig\/","og_site_name":"Direstrats","article_publisher":"https:\/\/www.facebook.com\/share\/1JaH96mvPW\/?mibextid=wwXIfr","article_modified_time":"2018-08-16T04:53:37+00:00","og_image":[{"url":"https:\/\/direstrats.com\/wp-content\/uploads\/2018\/07\/sw_Button_Wolleee.jpg","type":"","width":"","height":""}],"twitter_card":"summary_large_image","twitter_misc":{"Est. reading time":"4 minutes"},"schema":{"@context":"https:\/\/schema.org","@graph":[{"@type":"WebPage","@id":"https:\/\/direstrats.com\/band\/dire-strats-band-thomas-fiebig\/","url":"https:\/\/direstrats.com\/band\/dire-strats-band-thomas-fiebig\/","name":"dIRE sTRATS - Band - Thomas Fiebig - Direstrats","isPartOf":{"@id":"https:\/\/direstrats.com\/#website"},"primaryImageOfPage":{"@id":"https:\/\/direstrats.com\/band\/dire-strats-band-thomas-fiebig\/#primaryimage"},"image":{"@id":"https:\/\/direstrats.com\/band\/dire-strats-band-thomas-fiebig\/#primaryimage"},"thumbnailUrl":"https:\/\/direstrats.com\/wp-content\/uploads\/2018\/07\/sw_Button_Wolleee.jpg","datePublished":"2018-04-30T14:13:37+00:00","dateModified":"2018-08-16T04:53:37+00:00","breadcrumb":{"@id":"https:\/\/direstrats.com\/band\/dire-strats-band-thomas-fiebig\/#breadcrumb"},"inLanguage":"en-US","potentialAction":[{"@type":"ReadAction","target":["https:\/\/direstrats.com\/band\/dire-strats-band-thomas-fiebig\/"]}]},{"@type":"ImageObject","inLanguage":"en-US","@id":"https:\/\/direstrats.com\/band\/dire-strats-band-thomas-fiebig\/#primaryimage","url":"https:\/\/direstrats.com\/wp-content\/uploads\/2018\/07\/sw_Button_Wolleee.jpg","contentUrl":"https:\/\/direstrats.com\/wp-content\/uploads\/2018\/07\/sw_Button_Wolleee.jpg"},{"@type":"BreadcrumbList","@id":"https:\/\/direstrats.com\/band\/dire-strats-band-thomas-fiebig\/#breadcrumb","itemListElement":[{"@type":"ListItem","position":1,"name":"Startseite","item":"https:\/\/direstrats.com\/"},{"@type":"ListItem","position":2,"name":"dIRE sTRATS &#8211; Band","item":"https:\/\/direstrats.com\/band\/"},{"@type":"ListItem","position":3,"name":"dIRE sTRATS &#8211; Band &#8211; Thomas Fiebig"}]},{"@type":"WebSite","@id":"https:\/\/direstrats.com\/#website","url":"https:\/\/direstrats.com\/","name":"Direstrats","description":"","publisher":{"@id":"https:\/\/direstrats.com\/#organization"},"potentialAction":[{"@type":"SearchAction","target":{"@type":"EntryPoint","urlTemplate":"https:\/\/direstrats.com\/?s={search_term_string}"},"query-input":{"@type":"PropertyValueSpecification","valueRequired":true,"valueName":"search_term_string"}}],"inLanguage":"en-US"},{"@type":"Organization","@id":"https:\/\/direstrats.com\/#organization","name":"Direstrats","url":"https:\/\/direstrats.com\/","logo":{"@type":"ImageObject","inLanguage":"en-US","@id":"https:\/\/direstrats.com\/#\/schema\/logo\/image\/","url":"https:\/\/direstrats.com\/wp-content\/uploads\/2025\/12\/dIREsTRATS_logo_star-1024x768.png","contentUrl":"https:\/\/direstrats.com\/wp-content\/uploads\/2025\/12\/dIREsTRATS_logo_star-1024x768.png","width":1024,"height":768,"caption":"Direstrats"},"image":{"@id":"https:\/\/direstrats.com\/#\/schema\/logo\/image\/"},"sameAs":["https:\/\/www.facebook.com\/share\/1JaH96mvPW\/?mibextid=wwXIfr"]}]}},"jetpack_sharing_enabled":true,"_links":{"self":[{"href":"https:\/\/direstrats.com\/en\/wp-json\/wp\/v2\/pages\/203","targetHints":{"allow":["GET"]}}],"collection":[{"href":"https:\/\/direstrats.com\/en\/wp-json\/wp\/v2\/pages"}],"about":[{"href":"https:\/\/direstrats.com\/en\/wp-json\/wp\/v2\/types\/page"}],"author":[{"embeddable":true,"href":"https:\/\/direstrats.com\/en\/wp-json\/wp\/v2\/users\/7"}],"replies":[{"embeddable":true,"href":"https:\/\/direstrats.com\/en\/wp-json\/wp\/v2\/comments?post=203"}],"version-history":[{"count":30,"href":"https:\/\/direstrats.com\/en\/wp-json\/wp\/v2\/pages\/203\/revisions"}],"predecessor-version":[{"id":5064,"href":"https:\/\/direstrats.com\/en\/wp-json\/wp\/v2\/pages\/203\/revisions\/5064"}],"up":[{"embeddable":true,"href":"https:\/\/direstrats.com\/en\/wp-json\/wp\/v2\/pages\/43"}],"wp:attachment":[{"href":"https:\/\/direstrats.com\/en\/wp-json\/wp\/v2\/media?parent=203"}],"curies":[{"name":"wp","href":"https:\/\/api.w.org\/{rel}","templated":true}]}}