{"id":189,"date":"2026-03-28T15:46:48","date_gmt":"2026-03-28T15:46:48","guid":{"rendered":"https:\/\/ds.cheyenne-portal.de\/?page_id=189"},"modified":"2026-03-28T16:46:48","modified_gmt":"2026-03-28T15:46:48","slug":"impressum","status":"publish","type":"page","link":"https:\/\/direstrats.com\/en\/impressum\/","title":{"rendered":"Impressum"},"content":{"rendered":"<p>&nbsp;<\/p>\n<h2>Impressum gem. \u00a7 5 TMG von direstrats.de und direstrats.com<\/h2>\n<h2>Kontaktdaten Verantwortlicher gem. \u00a7 55 II RStV:<\/h2>\n<div  class=\"agb_content agb_imprint  notranslate\"><div>dIREsTRATS u. Partner GbR<br \/>\nObere B&uuml;rger 104<br \/>\n27568 Bremerhaven<br \/>\nDeutschland<br \/>\n<br \/>\nTel.: +4915142339158<br \/>\nE-Mail: direstrats.gbr@gmail.com<br \/>\n<br \/>\nVertretungsberechtigte Gesellschafter: Thomas Fiebig, Wolfgang Uhlich<br \/>\n<br \/>\nUmsatzsteuer-Identifikationsnummer: DE238751131<br \/>\n<br \/>\nWir sind zur Teilnahme an einem Streitbeilegungsverfahren vor einer Verbraucherschlichtungsstelle weder verpflichtet noch bereit.<\/div><div id=\"itkanzlei_txt_copyright\" style=\"font-size: 12px; margin-top: 8em;\"><div style=\"display: inline-block; vertical-align: top; margin-left: 5px; float: right; white-space: nowrap;\">Stand: 28.03.2026, 16:46:44<\/div><div style=\"clear: right;\"><\/div><\/div><\/div>\n<hr \/>\n<h6><span style=\"color: #ff8000\">Die auf dieser Website verwendeten Fotos wurden uns u.a. zur Verf\u00fcgung gestellt von:<\/span><\/h6>\n<p>Klaus Manns &#8211; <span style=\"color: #ff9900\"><a style=\"color: #ff8000\" href=\"https:\/\/www.klaus-manns.lima-city.de\/\" target=\"_blank\" rel=\"noopener noreferrer\">https:\/\/www.klaus-manns.lima-city.de\/<\/a><\/span><br \/>\nRoland Furtw\u00e4ngler &#8211; <span style=\"color: #ff9900\"><a style=\"color: #ff8000\" href=\"https:\/\/www.rofoto.de\/\" target=\"_blank\" rel=\"noopener noreferrer\">https:\/\/www.rofoto.de\/<\/a><\/span><br \/>\nJasmin Rose &#8211; <span style=\"color: #ff9900\"><a style=\"color: #ff8000\" href=\"https:\/\/portfolio.fotocommunity.de\/jasminrose\/folder\/541007\" target=\"_blank\" rel=\"noopener noreferrer\">https:\/\/portfolio.fotocommunity.de\/jasminrose\/folder\/541007<\/a><\/span><br \/>\nAntje Schimanke &#8211; <span style=\"color: #ff9900\"><a style=\"color: #ff8000\" href=\"http:\/\/www.schimanke-fotografie.de\/\" target=\"_blank\" rel=\"noopener noreferrer\">http:\/\/www.schimanke-fotografie.de\/<\/a><\/span><\/p>\n<hr \/>\n<h2>Online Streitbeilegung<\/h2>\n<p>Die Europ\u00e4ische Kommission stellt eine Plattform f\u00fcr die au\u00dfergerichtliche Online-Streitbeilegung (OS-Plattform) bereit, die Sie unter <a href=\"https:\/\/webgate.ec.europa.eu\/odr\/\">https:\/\/webgate.ec.europa.eu\/odr\/<\/a> erreichen. Unsere E-Mail-Adresse finden Sie weiter oben.<\/p>\n<div align=\"center\">\n<h1 style=\"text-align: left\">Haftungsausschluss (Disclaimer)<\/h1>\n<p style=\"text-align: left\"><strong>Haftung f\u00fcr Inhalte<\/strong><\/p>\n<p style=\"text-align: left\">Als Diensteanbieter sind wir gem\u00e4\u00df \u00a7 7 Abs.1 TMG f\u00fcr eigene Inhalte auf diesen Seiten nach den allgemeinen Gesetzen verantwortlich. Nach \u00a7\u00a7 8 bis 10 TMG sind wir als Diensteanbieter jedoch nicht verpflichtet, \u00fcbermittelte oder gespeicherte fremde Informationen zu \u00fcberwachen oder nach Umst\u00e4nden zu forschen, die auf eine rechtswidrige T\u00e4tigkeit hinweisen. Verpflichtungen zur Entfernung oder Sperrung der Nutzung von Informationen nach den allgemeinen Gesetzen bleiben hiervon unber\u00fchrt. Eine diesbez\u00fcgliche Haftung ist jedoch erst ab dem Zeitpunkt der Kenntnis einer konkreten Rechtsverletzung m\u00f6glich. Bei Bekanntwerden von entsprechenden Rechtsverletzungen werden wir diese Inhalte umgehend entfernen.<\/p>\n<p style=\"text-align: left\"><strong>Haftung f\u00fcr Links<\/strong><\/p>\n<p style=\"text-align: left\">Unser Angebot enth\u00e4lt Links zu externen Webseiten Dritter, auf deren Inhalte wir keinen Einfluss haben. Deshalb k\u00f6nnen wir f\u00fcr diese fremden Inhalte auch keine Gew\u00e4hr \u00fcbernehmen. F\u00fcr die Inhalte der verlinkten Seiten ist stets der jeweilige Anbieter oder Betreiber der Seiten verantwortlich. Die verlinkten Seiten wurden zum Zeitpunkt der Verlinkung auf m\u00f6gliche Rechtsverst\u00f6\u00dfe \u00fcberpr\u00fcft. Rechtswidrige Inhalte waren zum Zeitpunkt der Verlinkung nicht erkennbar. Eine permanente inhaltliche Kontrolle der verlinkten Seiten ist jedoch ohne konkrete Anhaltspunkte einer Rechtsverletzung nicht zumutbar. Bei Bekanntwerden von Rechtsverletzungen werden wir derartige Links umgehend entfernen.<\/p>\n<p style=\"text-align: left\"><strong>Urheberrecht<\/strong><\/p>\n<p style=\"text-align: left\">Die durch die Seitenbetreiber erstellten Inhalte und Werke auf diesen Seiten unterliegen dem deutschen Urheberrecht. Die Vervielf\u00e4ltigung, Bearbeitung, Verbreitung und jede Art der Verwertung au\u00dferhalb der Grenzen des Urheberrechtes bed\u00fcrfen der schriftlichen Zustimmung des jeweiligen Autors bzw. Erstellers. Downloads und Kopien dieser Seite sind nur f\u00fcr den privaten, nicht kommerziellen Gebrauch gestattet. Soweit die Inhalte auf dieser Seite nicht vom Betreiber erstellt wurden, werden die Urheberrechte Dritter beachtet. Insbesondere werden Inhalte Dritter als solche gekennzeichnet. Sollten Sie trotzdem auf eine Urheberrechtsverletzung aufmerksam werden, bitten wir um einen entsprechenden Hinweis. Bei Bekanntwerden von Rechtsverletzungen werden wir derartige Inhalte umgehend entfernen.<\/p>\n<p style=\"text-align: left\"><b>Nutzung der Daten dieses Impressums<\/b><\/p>\n<p style=\"text-align: left\">Der Nutzung von im Rahmen der Impressumspflicht ver\u00f6ffentlichten Kontaktdaten durch Dritte zur \u00dcbersendung von nicht ausdr\u00fccklich angeforderter Werbung und Informationsmaterialien wird hiermit ausdr\u00fccklich widersprochen. Die Betreiber der Seiten behalten sich ausdr\u00fccklich rechtliche Schritte im Falle der unverlangten Zusendung von Werbeinformationen, etwa durch Spam-Mails, vor.<\/p>\n<\/div>\n","protected":false},"excerpt":{"rendered":"<p>&nbsp; Impressum gem. \u00a7 5 TMG von direstrats.de und direstrats.com Kontaktdaten Verantwortlicher gem. \u00a7 55 II RStV: Die auf dieser Website verwendeten Fotos wurden uns u.a. zur Verf\u00fcgung gestellt von: Klaus Manns &#8211; https:\/\/www.klaus-manns.lima-city.de\/ Roland Furtw\u00e4ngler &#8211; https:\/\/www.rofoto.de\/ Jasmin Rose &#8211; https:\/\/portfolio.fotocommunity.de\/jasminrose\/folder\/541007 Antje Schimanke &#8211; http:\/\/www.schimanke-fotografie.de\/ Online Streitbeilegung Die Europ\u00e4ische Kommission stellt eine Plattform f\u00fcr&#8230;<\/p>\n","protected":false},"author":7,"featured_media":0,"parent":0,"menu_order":0,"comment_status":"closed","ping_status":"closed","template":"","meta":{"ngg_post_thumbnail":0,"footnotes":""},"class_list":["post-189","page","type-page","status-publish","hentry"],"yoast_head":"<!-- This site is optimized with the Yoast SEO plugin v27.2 - https:\/\/yoast.com\/product\/yoast-seo-wordpress\/ -->\n<title>Impressum - Direstrats<\/title>\n<meta name=\"robots\" content=\"index, follow, max-snippet:-1, max-image-preview:large, max-video-preview:-1\" \/>\n<link rel=\"canonical\" href=\"https:\/\/direstrats.com\/impressum\/\" \/>\n<meta property=\"og:locale\" content=\"en_US\" \/>\n<meta property=\"og:type\" content=\"article\" \/>\n<meta property=\"og:title\" content=\"Impressum - Direstrats\" \/>\n<meta property=\"og:description\" content=\"&nbsp; Impressum gem. \u00a7 5 TMG von direstrats.de und direstrats.com Kontaktdaten Verantwortlicher gem. \u00a7 55 II RStV: Die auf dieser Website verwendeten Fotos wurden uns u.a. zur Verf\u00fcgung gestellt von: Klaus Manns &#8211; https:\/\/www.klaus-manns.lima-city.de\/ Roland Furtw\u00e4ngler &#8211; https:\/\/www.rofoto.de\/ Jasmin Rose &#8211; https:\/\/portfolio.fotocommunity.de\/jasminrose\/folder\/541007 Antje Schimanke &#8211; http:\/\/www.schimanke-fotografie.de\/ Online Streitbeilegung Die Europ\u00e4ische Kommission stellt eine Plattform f\u00fcr...\" \/>\n<meta property=\"og:url\" content=\"https:\/\/direstrats.com\/impressum\/\" \/>\n<meta property=\"og:site_name\" content=\"Direstrats\" \/>\n<meta property=\"article:publisher\" content=\"https:\/\/www.facebook.com\/share\/1JaH96mvPW\/?mibextid=wwXIfr\" \/>\n<meta name=\"twitter:card\" content=\"summary_large_image\" \/>\n<meta name=\"twitter:label1\" content=\"Est. reading time\" \/>\n\t<meta name=\"twitter:data1\" content=\"3 minutes\" \/>\n<script type=\"application\/ld+json\" class=\"yoast-schema-graph\">{\"@context\":\"https:\/\/schema.org\",\"@graph\":[{\"@type\":\"WebPage\",\"@id\":\"https:\/\/direstrats.com\/impressum\/\",\"url\":\"https:\/\/direstrats.com\/impressum\/\",\"name\":\"Impressum - Direstrats\",\"isPartOf\":{\"@id\":\"https:\/\/direstrats.com\/#website\"},\"datePublished\":\"2026-03-28T15:46:48+00:00\",\"breadcrumb\":{\"@id\":\"https:\/\/direstrats.com\/impressum\/#breadcrumb\"},\"inLanguage\":\"en-US\",\"potentialAction\":[{\"@type\":\"ReadAction\",\"target\":[\"https:\/\/direstrats.com\/impressum\/\"]}]},{\"@type\":\"BreadcrumbList\",\"@id\":\"https:\/\/direstrats.com\/impressum\/#breadcrumb\",\"itemListElement\":[{\"@type\":\"ListItem\",\"position\":1,\"name\":\"Startseite\",\"item\":\"https:\/\/direstrats.com\/\"},{\"@type\":\"ListItem\",\"position\":2,\"name\":\"Impressum\"}]},{\"@type\":\"WebSite\",\"@id\":\"https:\/\/direstrats.com\/#website\",\"url\":\"https:\/\/direstrats.com\/\",\"name\":\"Direstrats\",\"description\":\"\",\"publisher\":{\"@id\":\"https:\/\/direstrats.com\/#organization\"},\"potentialAction\":[{\"@type\":\"SearchAction\",\"target\":{\"@type\":\"EntryPoint\",\"urlTemplate\":\"https:\/\/direstrats.com\/?s={search_term_string}\"},\"query-input\":{\"@type\":\"PropertyValueSpecification\",\"valueRequired\":true,\"valueName\":\"search_term_string\"}}],\"inLanguage\":\"en-US\"},{\"@type\":\"Organization\",\"@id\":\"https:\/\/direstrats.com\/#organization\",\"name\":\"Direstrats\",\"url\":\"https:\/\/direstrats.com\/\",\"logo\":{\"@type\":\"ImageObject\",\"inLanguage\":\"en-US\",\"@id\":\"https:\/\/direstrats.com\/#\/schema\/logo\/image\/\",\"url\":\"https:\/\/direstrats.com\/wp-content\/uploads\/2025\/12\/dIREsTRATS_logo_star-1024x768.png\",\"contentUrl\":\"https:\/\/direstrats.com\/wp-content\/uploads\/2025\/12\/dIREsTRATS_logo_star-1024x768.png\",\"width\":1024,\"height\":768,\"caption\":\"Direstrats\"},\"image\":{\"@id\":\"https:\/\/direstrats.com\/#\/schema\/logo\/image\/\"},\"sameAs\":[\"https:\/\/www.facebook.com\/share\/1JaH96mvPW\/?mibextid=wwXIfr\"]}]}<\/script>\n<!-- \/ Yoast SEO plugin. -->","yoast_head_json":{"title":"Impressum - Direstrats","robots":{"index":"index","follow":"follow","max-snippet":"max-snippet:-1","max-image-preview":"max-image-preview:large","max-video-preview":"max-video-preview:-1"},"canonical":"https:\/\/direstrats.com\/impressum\/","og_locale":"en_US","og_type":"article","og_title":"Impressum - Direstrats","og_description":"&nbsp; Impressum gem. \u00a7 5 TMG von direstrats.de und direstrats.com Kontaktdaten Verantwortlicher gem. \u00a7 55 II RStV: Die auf dieser Website verwendeten Fotos wurden uns u.a. zur Verf\u00fcgung gestellt von: Klaus Manns &#8211; https:\/\/www.klaus-manns.lima-city.de\/ Roland Furtw\u00e4ngler &#8211; https:\/\/www.rofoto.de\/ Jasmin Rose &#8211; https:\/\/portfolio.fotocommunity.de\/jasminrose\/folder\/541007 Antje Schimanke &#8211; http:\/\/www.schimanke-fotografie.de\/ Online Streitbeilegung Die Europ\u00e4ische Kommission stellt eine Plattform f\u00fcr...","og_url":"https:\/\/direstrats.com\/impressum\/","og_site_name":"Direstrats","article_publisher":"https:\/\/www.facebook.com\/share\/1JaH96mvPW\/?mibextid=wwXIfr","twitter_card":"summary_large_image","twitter_misc":{"Est. reading time":"3 minutes"},"schema":{"@context":"https:\/\/schema.org","@graph":[{"@type":"WebPage","@id":"https:\/\/direstrats.com\/impressum\/","url":"https:\/\/direstrats.com\/impressum\/","name":"Impressum - Direstrats","isPartOf":{"@id":"https:\/\/direstrats.com\/#website"},"datePublished":"2026-03-28T15:46:48+00:00","breadcrumb":{"@id":"https:\/\/direstrats.com\/impressum\/#breadcrumb"},"inLanguage":"en-US","potentialAction":[{"@type":"ReadAction","target":["https:\/\/direstrats.com\/impressum\/"]}]},{"@type":"BreadcrumbList","@id":"https:\/\/direstrats.com\/impressum\/#breadcrumb","itemListElement":[{"@type":"ListItem","position":1,"name":"Startseite","item":"https:\/\/direstrats.com\/"},{"@type":"ListItem","position":2,"name":"Impressum"}]},{"@type":"WebSite","@id":"https:\/\/direstrats.com\/#website","url":"https:\/\/direstrats.com\/","name":"Direstrats","description":"","publisher":{"@id":"https:\/\/direstrats.com\/#organization"},"potentialAction":[{"@type":"SearchAction","target":{"@type":"EntryPoint","urlTemplate":"https:\/\/direstrats.com\/?s={search_term_string}"},"query-input":{"@type":"PropertyValueSpecification","valueRequired":true,"valueName":"search_term_string"}}],"inLanguage":"en-US"},{"@type":"Organization","@id":"https:\/\/direstrats.com\/#organization","name":"Direstrats","url":"https:\/\/direstrats.com\/","logo":{"@type":"ImageObject","inLanguage":"en-US","@id":"https:\/\/direstrats.com\/#\/schema\/logo\/image\/","url":"https:\/\/direstrats.com\/wp-content\/uploads\/2025\/12\/dIREsTRATS_logo_star-1024x768.png","contentUrl":"https:\/\/direstrats.com\/wp-content\/uploads\/2025\/12\/dIREsTRATS_logo_star-1024x768.png","width":1024,"height":768,"caption":"Direstrats"},"image":{"@id":"https:\/\/direstrats.com\/#\/schema\/logo\/image\/"},"sameAs":["https:\/\/www.facebook.com\/share\/1JaH96mvPW\/?mibextid=wwXIfr"]}]}},"jetpack_sharing_enabled":true,"_links":{"self":[{"href":"https:\/\/direstrats.com\/en\/wp-json\/wp\/v2\/pages\/189","targetHints":{"allow":["GET"]}}],"collection":[{"href":"https:\/\/direstrats.com\/en\/wp-json\/wp\/v2\/pages"}],"about":[{"href":"https:\/\/direstrats.com\/en\/wp-json\/wp\/v2\/types\/page"}],"author":[{"embeddable":true,"href":"https:\/\/direstrats.com\/en\/wp-json\/wp\/v2\/users\/7"}],"replies":[{"embeddable":true,"href":"https:\/\/direstrats.com\/en\/wp-json\/wp\/v2\/comments?post=189"}],"version-history":[{"count":20,"href":"https:\/\/direstrats.com\/en\/wp-json\/wp\/v2\/pages\/189\/revisions"}],"predecessor-version":[{"id":1328695,"href":"https:\/\/direstrats.com\/en\/wp-json\/wp\/v2\/pages\/189\/revisions\/1328695"}],"wp:attachment":[{"href":"https:\/\/direstrats.com\/en\/wp-json\/wp\/v2\/media?parent=189"}],"curies":[{"name":"wp","href":"https:\/\/api.w.org\/{rel}","templated":true}]}}